{"id":1711,"date":"2021-11-21T15:14:41","date_gmt":"2021-11-21T15:14:41","guid":{"rendered":"https:\/\/medicalglow.be\/services\/"},"modified":"2023-11-27T15:21:58","modified_gmt":"2023-11-27T15:21:58","slug":"aanbod","status":"publish","type":"page","link":"https:\/\/medicalglow.be\/tr\/aanbod\/","title":{"rendered":"Hizmetler"},"content":{"rendered":"<div data-elementor-type=\"wp-page\" data-elementor-id=\"1711\" class=\"elementor elementor-1711\">\n\t\t\t\t\t\t<section class=\"elementor-section elementor-top-section elementor-element elementor-element-hsbddla elementor-section-boxed elementor-section-height-default elementor-section-height-default\" data-id=\"hsbddla\" data-element_type=\"section\" data-e-type=\"section\" data-settings=\"{&quot;background_background&quot;:&quot;classic&quot;}\">\n\t\t\t\t\t\t<div class=\"elementor-container elementor-column-gap-no\">\n\t\t\t\t\t<div class=\"elementor-column elementor-col-100 elementor-top-column elementor-element elementor-element-00afe8f\" data-id=\"00afe8f\" data-element_type=\"column\" data-e-type=\"column\">\n\t\t\t<div class=\"elementor-widget-wrap\">\n\t\t\t\t\t\t\t<\/div>\n\t\t<\/div>\n\t\t\t\t\t<\/div>\n\t\t<\/section>\n\t\t\t\t<section class=\"elementor-section elementor-top-section elementor-element elementor-element-5tar6bx elementor-section-boxed elementor-section-height-default elementor-section-height-default\" data-id=\"5tar6bx\" data-element_type=\"section\" data-e-type=\"section\">\n\t\t\t\t\t\t<div class=\"elementor-container elementor-column-gap-default\">\n\t\t\t\t\t<div class=\"elementor-column elementor-col-100 elementor-top-column elementor-element elementor-element-1ca627b\" data-id=\"1ca627b\" data-element_type=\"column\" data-e-type=\"column\">\n\t\t\t<div class=\"elementor-widget-wrap elementor-element-populated\">\n\t\t\t\t\t\t<div class=\"elementor-element elementor-element-42fd904 elementor-widget elementor-widget-heading\" data-id=\"42fd904\" data-element_type=\"widget\" data-e-type=\"widget\" data-widget_type=\"heading.default\">\n\t\t\t\t<div class=\"elementor-widget-container\">\n\t\t\t\t\t<h2 class=\"elementor-heading-title elementor-size-default\">\u0130\u00e7ten ve d\u0131\u015ftan \u0131\u015f\u0131lt\u0131l\u0131 hissedin.\n<\/h2>\t\t\t\t<\/div>\n\t\t\t\t<\/div>\n\t\t\t\t<div class=\"elementor-element elementor-element-432499d elementor-widget-divider--view-line elementor-widget elementor-widget-divider\" data-id=\"432499d\" data-element_type=\"widget\" data-e-type=\"widget\" data-widget_type=\"divider.default\">\n\t\t\t\t<div class=\"elementor-widget-container\">\n\t\t\t\t\t\t\t<div class=\"elementor-divider\">\n\t\t\t<span class=\"elementor-divider-separator\">\n\t\t\t\t\t\t<\/span>\n\t\t<\/div>\n\t\t\t\t\t\t<\/div>\n\t\t\t\t<\/div>\n\t\t\t\t<div class=\"elementor-element elementor-element-8dff22f elementor-widget elementor-widget-text-editor\" data-id=\"8dff22f\" data-element_type=\"widget\" data-e-type=\"widget\" data-widget_type=\"text-editor.default\">\n\t\t\t\t<div class=\"elementor-widget-container\">\n\t\t\t\t\t\t\t\t\t<p>\u00d6zel y\u00fcz ve v\u00fccut bak\u0131mlar\u0131m\u0131z ve diyetisyenimizin profesyonel beslenme tavsiyeleriyle sizi sadece d\u0131\u015far\u0131da de\u011fil, i\u00e7eride de parlatal\u0131m.<\/p>\t\t\t\t\t\t\t\t<\/div>\n\t\t\t\t<\/div>\n\t\t\t\t\t<\/div>\n\t\t<\/div>\n\t\t\t\t\t<\/div>\n\t\t<\/section>\n\t\t\t\t<section class=\"elementor-section elementor-inner-section elementor-element elementor-element-odvfg9d elementor-section-boxed elementor-section-height-default elementor-section-height-default\" data-id=\"odvfg9d\" data-element_type=\"section\" data-e-type=\"section\">\n\t\t\t\t\t\t<div class=\"elementor-container elementor-column-gap-default\">\n\t\t\t\t\t<div class=\"elementor-column elementor-col-50 elementor-inner-column elementor-element elementor-element-f20a204\" data-id=\"f20a204\" data-element_type=\"column\" data-e-type=\"column\">\n\t\t\t<div class=\"elementor-widget-wrap elementor-element-populated\">\n\t\t\t\t\t\t<div class=\"elementor-element elementor-element-bfd172b elementor-widget elementor-widget-image\" data-id=\"bfd172b\" data-element_type=\"widget\" data-e-type=\"widget\" data-widget_type=\"image.default\">\n\t\t\t\t<div class=\"elementor-widget-container\">\n\t\t\t\t\t\t\t\t\t\t\t\t\t\t\t\t<a href=\"https:\/\/medicalglow.be\/tr\/aanbod\/lichaamsbehandelingen\/\">\n\t\t\t\t\t\t\t<img fetchpriority=\"high\" decoding=\"async\" width=\"600\" height=\"600\" src=\"https:\/\/i0.wp.com\/medicalglow.be\/wp-content\/uploads\/2023\/04\/lotus-spa-template-services-img-3.jpg?fit=600%2C600&amp;ssl=1\" class=\"attachment-large size-large wp-image-1909\" alt=\"\" srcset=\"https:\/\/i0.wp.com\/medicalglow.be\/wp-content\/uploads\/2023\/04\/lotus-spa-template-services-img-3.jpg?w=600&amp;ssl=1 600w, https:\/\/i0.wp.com\/medicalglow.be\/wp-content\/uploads\/2023\/04\/lotus-spa-template-services-img-3.jpg?resize=300%2C300&amp;ssl=1 300w, https:\/\/i0.wp.com\/medicalglow.be\/wp-content\/uploads\/2023\/04\/lotus-spa-template-services-img-3.jpg?resize=100%2C100&amp;ssl=1 100w, https:\/\/i0.wp.com\/medicalglow.be\/wp-content\/uploads\/2023\/04\/lotus-spa-template-services-img-3.jpg?resize=150%2C150&amp;ssl=1 150w\" sizes=\"(max-width: 600px) 100vw, 600px\" \/>\t\t\t\t\t\t\t\t<\/a>\n\t\t\t\t\t\t\t\t\t\t\t\t\t\t\t<\/div>\n\t\t\t\t<\/div>\n\t\t\t\t<div class=\"elementor-element elementor-element-d0c44fe elementor-widget elementor-widget-image-box\" data-id=\"d0c44fe\" data-element_type=\"widget\" data-e-type=\"widget\" data-widget_type=\"image-box.default\">\n\t\t\t\t<div class=\"elementor-widget-container\">\n\t\t\t\t\t<div class=\"elementor-image-box-wrapper\"><div class=\"elementor-image-box-content\"><h5 class=\"elementor-image-box-title\"><a href=\"https:\/\/medicalglow.be\/tr\/aanbod\/lichaamsbehandelingen\/\">V\u00fccut bak\u0131mlar\u0131<\/a><\/h5><\/div><\/div>\t\t\t\t<\/div>\n\t\t\t\t<\/div>\n\t\t\t\t\t<\/div>\n\t\t<\/div>\n\t\t\t\t<div class=\"elementor-column elementor-col-50 elementor-inner-column elementor-element elementor-element-bce40d9\" data-id=\"bce40d9\" data-element_type=\"column\" data-e-type=\"column\">\n\t\t\t<div class=\"elementor-widget-wrap elementor-element-populated\">\n\t\t\t\t\t\t<div class=\"elementor-element elementor-element-cce00ea elementor-widget elementor-widget-image\" data-id=\"cce00ea\" data-element_type=\"widget\" data-e-type=\"widget\" data-widget_type=\"image.default\">\n\t\t\t\t<div class=\"elementor-widget-container\">\n\t\t\t\t\t\t\t\t\t\t\t\t\t\t\t\t<a href=\"https:\/\/medicalglow.be\/tr\/aanbod\/gezichtsbehandeling\/\">\n\t\t\t\t\t\t\t<img decoding=\"async\" width=\"600\" height=\"600\" src=\"https:\/\/i0.wp.com\/medicalglow.be\/wp-content\/uploads\/2023\/04\/lotus-spa-template-services-img-4.jpg?fit=600%2C600&amp;ssl=1\" class=\"attachment-large size-large wp-image-1910\" alt=\"\" srcset=\"https:\/\/i0.wp.com\/medicalglow.be\/wp-content\/uploads\/2023\/04\/lotus-spa-template-services-img-4.jpg?w=600&amp;ssl=1 600w, https:\/\/i0.wp.com\/medicalglow.be\/wp-content\/uploads\/2023\/04\/lotus-spa-template-services-img-4.jpg?resize=300%2C300&amp;ssl=1 300w, https:\/\/i0.wp.com\/medicalglow.be\/wp-content\/uploads\/2023\/04\/lotus-spa-template-services-img-4.jpg?resize=100%2C100&amp;ssl=1 100w, https:\/\/i0.wp.com\/medicalglow.be\/wp-content\/uploads\/2023\/04\/lotus-spa-template-services-img-4.jpg?resize=150%2C150&amp;ssl=1 150w\" sizes=\"(max-width: 600px) 100vw, 600px\" \/>\t\t\t\t\t\t\t\t<\/a>\n\t\t\t\t\t\t\t\t\t\t\t\t\t\t\t<\/div>\n\t\t\t\t<\/div>\n\t\t\t\t<div class=\"elementor-element elementor-element-c17baf9 elementor-widget elementor-widget-image-box\" data-id=\"c17baf9\" data-element_type=\"widget\" data-e-type=\"widget\" data-widget_type=\"image-box.default\">\n\t\t\t\t<div class=\"elementor-widget-container\">\n\t\t\t\t\t<div class=\"elementor-image-box-wrapper\"><div class=\"elementor-image-box-content\"><h5 class=\"elementor-image-box-title\"><a href=\"https:\/\/medicalglow.be\/tr\/aanbod\/gezichtsbehandeling\/\">Y\u00fcz bak\u0131mlar\u0131<\/a><\/h5><\/div><\/div>\t\t\t\t<\/div>\n\t\t\t\t<\/div>\n\t\t\t\t\t<\/div>\n\t\t<\/div>\n\t\t\t\t\t<\/div>\n\t\t<\/section>\n\t\t\t\t<section class=\"elementor-section elementor-inner-section elementor-element elementor-element-rcln2ob elementor-section-boxed elementor-section-height-default elementor-section-height-default\" data-id=\"rcln2ob\" data-element_type=\"section\" data-e-type=\"section\">\n\t\t\t\t\t\t<div class=\"elementor-container elementor-column-gap-default\">\n\t\t\t\t\t<div class=\"elementor-column elementor-col-33 elementor-inner-column elementor-element elementor-element-f58b4c4\" data-id=\"f58b4c4\" data-element_type=\"column\" data-e-type=\"column\">\n\t\t\t<div class=\"elementor-widget-wrap elementor-element-populated\">\n\t\t\t\t\t\t<div class=\"elementor-element elementor-element-d7fa0e3 elementor-widget elementor-widget-image\" data-id=\"d7fa0e3\" data-element_type=\"widget\" data-e-type=\"widget\" data-widget_type=\"image.default\">\n\t\t\t\t<div class=\"elementor-widget-container\">\n\t\t\t\t\t\t\t\t\t\t\t\t\t\t\t\t<a href=\"https:\/\/medicalglow.be\/tr\/aanbod\/permanente-make-up\/\">\n\t\t\t\t\t\t\t<img decoding=\"async\" width=\"1280\" height=\"853\" src=\"https:\/\/i0.wp.com\/medicalglow.be\/wp-content\/uploads\/2023\/04\/woman-glamour-bride-7048766.jpg?fit=1280%2C853&amp;ssl=1\" class=\"attachment-1536x1536 size-1536x1536 wp-image-1923\" alt=\"woman, glamour, bride-7048766.jpg\" srcset=\"https:\/\/i0.wp.com\/medicalglow.be\/wp-content\/uploads\/2023\/04\/woman-glamour-bride-7048766.jpg?w=1280&amp;ssl=1 1280w, https:\/\/i0.wp.com\/medicalglow.be\/wp-content\/uploads\/2023\/04\/woman-glamour-bride-7048766.jpg?resize=600%2C400&amp;ssl=1 600w, https:\/\/i0.wp.com\/medicalglow.be\/wp-content\/uploads\/2023\/04\/woman-glamour-bride-7048766.jpg?resize=300%2C200&amp;ssl=1 300w, https:\/\/i0.wp.com\/medicalglow.be\/wp-content\/uploads\/2023\/04\/woman-glamour-bride-7048766.jpg?resize=1024%2C682&amp;ssl=1 1024w, https:\/\/i0.wp.com\/medicalglow.be\/wp-content\/uploads\/2023\/04\/woman-glamour-bride-7048766.jpg?resize=768%2C512&amp;ssl=1 768w\" sizes=\"(max-width: 1200px) 100vw, 1200px\" \/>\t\t\t\t\t\t\t\t<\/a>\n\t\t\t\t\t\t\t\t\t\t\t\t\t\t\t<\/div>\n\t\t\t\t<\/div>\n\t\t\t\t<div class=\"elementor-element elementor-element-66bbc4f elementor-widget elementor-widget-image-box\" data-id=\"66bbc4f\" data-element_type=\"widget\" data-e-type=\"widget\" data-widget_type=\"image-box.default\">\n\t\t\t\t<div class=\"elementor-widget-container\">\n\t\t\t\t\t<div class=\"elementor-image-box-wrapper\"><div class=\"elementor-image-box-content\"><h5 class=\"elementor-image-box-title\"><a href=\"https:\/\/medicalglow.be\/tr\/aanbod\/permanente-make-up\/\">Kal\u0131c\u0131 makyaj<\/a><\/h5><\/div><\/div>\t\t\t\t<\/div>\n\t\t\t\t<\/div>\n\t\t\t\t\t<\/div>\n\t\t<\/div>\n\t\t\t\t<div class=\"elementor-column elementor-col-33 elementor-inner-column elementor-element elementor-element-4c2428a\" data-id=\"4c2428a\" data-element_type=\"column\" data-e-type=\"column\">\n\t\t\t<div class=\"elementor-widget-wrap elementor-element-populated\">\n\t\t\t\t\t\t<div class=\"elementor-element elementor-element-26d3475 elementor-widget elementor-widget-image\" data-id=\"26d3475\" data-element_type=\"widget\" data-e-type=\"widget\" data-widget_type=\"image.default\">\n\t\t\t\t<div class=\"elementor-widget-container\">\n\t\t\t\t\t\t\t\t\t\t\t\t<figure class=\"wp-caption\">\n\t\t\t\t\t\t\t\t\t\t<img loading=\"lazy\" decoding=\"async\" width=\"1024\" height=\"682\" src=\"https:\/\/i0.wp.com\/medicalglow.be\/wp-content\/uploads\/2023\/11\/massage-wellness-japanese-1929064.jpg?fit=1024%2C682&amp;ssl=1\" class=\"attachment-large size-large wp-image-2867\" alt=\"massage, wellness, japanese-1929064.jpg\" srcset=\"https:\/\/i0.wp.com\/medicalglow.be\/wp-content\/uploads\/2023\/11\/massage-wellness-japanese-1929064.jpg?w=1280&amp;ssl=1 1280w, https:\/\/i0.wp.com\/medicalglow.be\/wp-content\/uploads\/2023\/11\/massage-wellness-japanese-1929064.jpg?resize=300%2C200&amp;ssl=1 300w, https:\/\/i0.wp.com\/medicalglow.be\/wp-content\/uploads\/2023\/11\/massage-wellness-japanese-1929064.jpg?resize=1024%2C682&amp;ssl=1 1024w, https:\/\/i0.wp.com\/medicalglow.be\/wp-content\/uploads\/2023\/11\/massage-wellness-japanese-1929064.jpg?resize=768%2C512&amp;ssl=1 768w, https:\/\/i0.wp.com\/medicalglow.be\/wp-content\/uploads\/2023\/11\/massage-wellness-japanese-1929064.jpg?resize=18%2C12&amp;ssl=1 18w, https:\/\/i0.wp.com\/medicalglow.be\/wp-content\/uploads\/2023\/11\/massage-wellness-japanese-1929064.jpg?resize=600%2C400&amp;ssl=1 600w\" sizes=\"(max-width: 1024px) 100vw, 1024px\" \/>\t\t\t\t\t\t\t\t\t\t\t<figcaption class=\"widget-image-caption wp-caption-text\">Headspa<\/figcaption>\n\t\t\t\t\t\t\t\t\t\t<\/figure>\n\t\t\t\t\t\t\t\t\t<\/div>\n\t\t\t\t<\/div>\n\t\t\t\t\t<\/div>\n\t\t<\/div>\n\t\t\t\t<div class=\"elementor-column elementor-col-33 elementor-inner-column elementor-element elementor-element-31ca30b\" data-id=\"31ca30b\" data-element_type=\"column\" data-e-type=\"column\">\n\t\t\t<div class=\"elementor-widget-wrap elementor-element-populated\">\n\t\t\t\t\t\t<div class=\"elementor-element elementor-element-238cce3 elementor-widget elementor-widget-image\" data-id=\"238cce3\" data-element_type=\"widget\" data-e-type=\"widget\" data-widget_type=\"image.default\">\n\t\t\t\t<div class=\"elementor-widget-container\">\n\t\t\t\t\t\t\t\t\t\t\t\t\t\t\t\t<a href=\"https:\/\/medicalglow.be\/tr\/aanbod\/dietist\/\">\n\t\t\t\t\t\t\t<img loading=\"lazy\" decoding=\"async\" width=\"1024\" height=\"665\" src=\"https:\/\/i0.wp.com\/medicalglow.be\/wp-content\/uploads\/2023\/04\/italian-cuisine-pasta-vegetables-2378729.jpg?fit=1024%2C665&amp;ssl=1\" class=\"attachment-large size-large wp-image-1922\" alt=\"italian cuisine, pasta, vegetables-2378729.jpg\" srcset=\"https:\/\/i0.wp.com\/medicalglow.be\/wp-content\/uploads\/2023\/04\/italian-cuisine-pasta-vegetables-2378729.jpg?w=1280&amp;ssl=1 1280w, https:\/\/i0.wp.com\/medicalglow.be\/wp-content\/uploads\/2023\/04\/italian-cuisine-pasta-vegetables-2378729.jpg?resize=600%2C390&amp;ssl=1 600w, https:\/\/i0.wp.com\/medicalglow.be\/wp-content\/uploads\/2023\/04\/italian-cuisine-pasta-vegetables-2378729.jpg?resize=300%2C195&amp;ssl=1 300w, https:\/\/i0.wp.com\/medicalglow.be\/wp-content\/uploads\/2023\/04\/italian-cuisine-pasta-vegetables-2378729.jpg?resize=1024%2C665&amp;ssl=1 1024w, https:\/\/i0.wp.com\/medicalglow.be\/wp-content\/uploads\/2023\/04\/italian-cuisine-pasta-vegetables-2378729.jpg?resize=768%2C499&amp;ssl=1 768w\" sizes=\"(max-width: 1024px) 100vw, 1024px\" \/>\t\t\t\t\t\t\t\t<\/a>\n\t\t\t\t\t\t\t\t\t\t\t\t\t\t\t<\/div>\n\t\t\t\t<\/div>\n\t\t\t\t<div class=\"elementor-element elementor-element-00d7c15 elementor-widget elementor-widget-image-box\" data-id=\"00d7c15\" data-element_type=\"widget\" data-e-type=\"widget\" data-widget_type=\"image-box.default\">\n\t\t\t\t<div class=\"elementor-widget-container\">\n\t\t\t\t\t<div class=\"elementor-image-box-wrapper\"><div class=\"elementor-image-box-content\"><h5 class=\"elementor-image-box-title\"><a href=\"https:\/\/medicalglow.be\/tr\/aanbod\/dietist\/\">Diyetisyen<\/a><\/h5><\/div><\/div>\t\t\t\t<\/div>\n\t\t\t\t<\/div>\n\t\t\t\t\t<\/div>\n\t\t<\/div>\n\t\t\t\t\t<\/div>\n\t\t<\/section>\n\t\t\t\t<\/div>","protected":false},"excerpt":{"rendered":"<p>Voel je stralend, van binnen en van buiten. Laat ons je niet alleen van buiten, maar ook van binnen laten stralen met onze gespecialiseerde gezichts- en lichaamsbehandelingen en professionele voedingsadvies van onze di\u00ebtiste. Lichaamsbehandelingen Gezichtsbehandelingen Permanente make-up Headspa Di\u00ebtist<\/p>","protected":false},"author":1,"featured_media":0,"parent":0,"menu_order":0,"comment_status":"closed","ping_status":"closed","template":"","meta":{"site-sidebar-layout":"no-sidebar","site-content-layout":"page-builder","ast-site-content-layout":"","site-content-style":"default","site-sidebar-style":"default","ast-global-header-display":"","ast-banner-title-visibility":"","ast-main-header-display":"","ast-hfb-above-header-display":"","ast-hfb-below-header-display":"","ast-hfb-mobile-header-display":"","site-post-title":"disabled","ast-breadcrumbs-content":"","ast-featured-img":"disabled","footer-sml-layout":"","theme-transparent-header-meta":"enabled","adv-header-id-meta":"","stick-header-meta":"","header-above-stick-meta":"","header-main-stick-meta":"","header-below-stick-meta":"","astra-migrate-meta-layouts":"default","ast-page-background-enabled":"default","ast-page-background-meta":{"desktop":{"background-color":"var(--ast-global-color-4)","background-image":"","background-repeat":"repeat","background-position":"center center","background-size":"auto","background-attachment":"scroll","background-type":"","background-media":"","overlay-type":"","overlay-color":"","overlay-gradient":""},"tablet":{"background-color":"","background-image":"","background-repeat":"repeat","background-position":"center center","background-size":"auto","background-attachment":"scroll","background-type":"","background-media":"","overlay-type":"","overlay-color":"","overlay-gradient":""},"mobile":{"background-color":"","background-image":"","background-repeat":"repeat","background-position":"center center","background-size":"auto","background-attachment":"scroll","background-type":"","background-media":"","overlay-type":"","overlay-color":"","overlay-gradient":""}},"ast-content-background-meta":{"desktop":{"background-color":"var(--ast-global-color-5)","background-image":"","background-repeat":"repeat","background-position":"center center","background-size":"auto","background-attachment":"scroll","background-type":"","background-media":"","overlay-type":"","overlay-color":"","overlay-gradient":""},"tablet":{"background-color":"var(--ast-global-color-5)","background-image":"","background-repeat":"repeat","background-position":"center center","background-size":"auto","background-attachment":"scroll","background-type":"","background-media":"","overlay-type":"","overlay-color":"","overlay-gradient":""},"mobile":{"background-color":"var(--ast-global-color-5)","background-image":"","background-repeat":"repeat","background-position":"center center","background-size":"auto","background-attachment":"scroll","background-type":"","background-media":"","overlay-type":"","overlay-color":"","overlay-gradient":""}},"jetpack_post_was_ever_published":false,"footnotes":""},"class_list":["post-1711","page","type-page","status-publish","hentry"],"aioseo_notices":[],"jetpack_sharing_enabled":true,"_links":{"self":[{"href":"https:\/\/medicalglow.be\/tr\/wp-json\/wp\/v2\/pages\/1711","targetHints":{"allow":["GET"]}}],"collection":[{"href":"https:\/\/medicalglow.be\/tr\/wp-json\/wp\/v2\/pages"}],"about":[{"href":"https:\/\/medicalglow.be\/tr\/wp-json\/wp\/v2\/types\/page"}],"author":[{"embeddable":true,"href":"https:\/\/medicalglow.be\/tr\/wp-json\/wp\/v2\/users\/1"}],"replies":[{"embeddable":true,"href":"https:\/\/medicalglow.be\/tr\/wp-json\/wp\/v2\/comments?post=1711"}],"version-history":[{"count":53,"href":"https:\/\/medicalglow.be\/tr\/wp-json\/wp\/v2\/pages\/1711\/revisions"}],"predecessor-version":[{"id":2870,"href":"https:\/\/medicalglow.be\/tr\/wp-json\/wp\/v2\/pages\/1711\/revisions\/2870"}],"wp:attachment":[{"href":"https:\/\/medicalglow.be\/tr\/wp-json\/wp\/v2\/media?parent=1711"}],"curies":[{"name":"wp","href":"https:\/\/api.w.org\/{rel}","templated":true}]}}