{"id":1951,"date":"2023-04-09T10:53:30","date_gmt":"2023-04-09T10:53:30","guid":{"rendered":"https:\/\/medicalglow.be\/?page_id=1951"},"modified":"2023-06-25T08:13:09","modified_gmt":"2023-06-25T08:13:09","slug":"lichaamsbehandelingen","status":"publish","type":"page","link":"https:\/\/medicalglow.be\/tr\/aanbod\/lichaamsbehandelingen\/","title":{"rendered":"V\u00fccut bak\u0131mlar\u0131"},"content":{"rendered":"<div data-elementor-type=\"wp-page\" data-elementor-id=\"1951\" class=\"elementor elementor-1951\">\n\t\t\t\t\t\t<section class=\"elementor-section elementor-top-section elementor-element elementor-element-btplk7y elementor-section-content-top elementor-section-boxed elementor-section-height-default elementor-section-height-default\" data-id=\"btplk7y\" data-element_type=\"section\" data-e-type=\"section\" data-settings=\"{&quot;background_background&quot;:&quot;classic&quot;}\">\n\t\t\t\t\t\t\t<div class=\"elementor-background-overlay\"><\/div>\n\t\t\t\t\t\t\t<div class=\"elementor-container elementor-column-gap-no\">\n\t\t\t\t\t<div class=\"elementor-column elementor-col-100 elementor-top-column elementor-element elementor-element-fd3d3a5\" data-id=\"fd3d3a5\" data-element_type=\"column\" data-e-type=\"column\">\n\t\t\t<div class=\"elementor-widget-wrap elementor-element-populated\">\n\t\t\t\t\t\t<div class=\"elementor-element elementor-element-49427c7 elementor-widget elementor-widget-heading\" data-id=\"49427c7\" data-element_type=\"widget\" data-e-type=\"widget\" data-widget_type=\"heading.default\">\n\t\t\t\t<div class=\"elementor-widget-container\">\n\t\t\t\t\t<h2 class=\"elementor-heading-title elementor-size-default\">V\u00fccut bak\u0131mlar\u0131<\/h2>\t\t\t\t<\/div>\n\t\t\t\t<\/div>\n\t\t\t\t<div class=\"elementor-element elementor-element-02c3e36 elementor-widget elementor-widget-heading\" data-id=\"02c3e36\" data-element_type=\"widget\" data-e-type=\"widget\" data-widget_type=\"heading.default\">\n\t\t\t\t<div class=\"elementor-widget-container\">\n\t\t\t\t\t<h5 class=\"elementor-heading-title elementor-size-default\">Sadece bir bedenimiz var ve ona \u00e7ok iyi bakmam\u0131z gerekiyor. E\u011fer bize hayat\u0131m\u0131z boyunca sadece bir arabam\u0131z olabilece\u011fini s\u00f6yleselerdi. Araban\u0131za nas\u0131l bakard\u0131n\u0131z? Benzer \u015fekilde, v\u00fccudunuza da iyi bakmal\u0131s\u0131n\u0131z \u00e7\u00fcnk\u00fc sadece bir tane v\u00fccudumuz var.        \nRahatlama, iyile\u015fme ve zaferle v\u00fccudunuza iyi bak\u0131n.<\/h5>\t\t\t\t<\/div>\n\t\t\t\t<\/div>\n\t\t\t\t<div class=\"elementor-element elementor-element-4529f61 elementor-widget elementor-widget-text-editor\" data-id=\"4529f61\" data-element_type=\"widget\" data-e-type=\"widget\" data-widget_type=\"text-editor.default\">\n\t\t\t\t<div class=\"elementor-widget-container\">\n\t\t\t\t\t\t\t\t\t<p>V\u00fccudumuza iyi bakmazsak, sadece fiziksel olarak rahats\u0131z hissetmekle kalmay\u0131z, ayn\u0131 zamanda ruh sa\u011fl\u0131\u011f\u0131m\u0131z\u0131 da etkileyebilir. D\u00fczenli egzersiz yapmak, sa\u011fl\u0131kl\u0131 beslenmek, yeterince uyumak ve stresi azaltmak gibi v\u00fccudumuza iyi bakman\u0131n \u00e7e\u015fitli yollar\u0131 vard\u0131r. Sa\u011fl\u0131kl\u0131 beslenme ve daha fazla egzersiz i\u00e7in diyetisyenimiz G\u00f6zde'ye gelebilir ve stresinizi azaltmak i\u00e7in v\u00fccut masajlar\u0131m\u0131z i\u00e7in haz\u0131r\u0131z.<\/p><p>Rahatlama, sa\u011fl\u0131kl\u0131 bir beden ve zihnin korunmas\u0131nda da \u00f6nemli bir rol oynayabilir. Rahatlamam\u0131za ve stresi azaltmam\u0131za yard\u0131mc\u0131 olabilir, bu da daha iyi uyku, ba\u011f\u0131\u015f\u0131kl\u0131\u011f\u0131n artmas\u0131 ve genel refah\u0131n artmas\u0131na yol a\u00e7abilir. Rahatlaman\u0131n baz\u0131 yollar\u0131 aras\u0131nda yoga, meditasyon, masaj ve fark\u0131ndal\u0131k yer al\u0131r.<\/p><p>Son olarak, v\u00fccudumuzu \u0131\u015f\u0131tmak kendimizi daha iyi hissetmemize yard\u0131mc\u0131 olabilir. Bu da lazer epilasyon ile sa\u011flanabilir.<\/p><p>K\u0131sacas\u0131, v\u00fccudumuzu en \u00f6nemli varl\u0131\u011f\u0131m\u0131z olarak g\u00f6rmemiz ve ona iyi bakmam\u0131z \u00f6nemlidir. Bu, sa\u011fl\u0131kl\u0131 ve mutlu bir ya\u015fam s\u00fcrmemize yard\u0131mc\u0131 olabilir.<\/p>\t\t\t\t\t\t\t\t<\/div>\n\t\t\t\t<\/div>\n\t\t\t\t\t<\/div>\n\t\t<\/div>\n\t\t\t\t\t<\/div>\n\t\t<\/section>\n\t\t\t\t<section class=\"elementor-section elementor-top-section elementor-element elementor-element-99e8a4c elementor-section-boxed elementor-section-height-default elementor-section-height-default\" data-id=\"99e8a4c\" data-element_type=\"section\" data-e-type=\"section\">\n\t\t\t\t\t\t<div class=\"elementor-container elementor-column-gap-no\">\n\t\t\t\t\t<div class=\"elementor-column elementor-col-33 elementor-top-column elementor-element elementor-element-b426e78\" data-id=\"b426e78\" data-element_type=\"column\" data-e-type=\"column\" data-settings=\"{&quot;background_background&quot;:&quot;classic&quot;}\">\n\t\t\t<div class=\"elementor-widget-wrap elementor-element-populated\">\n\t\t\t\t\t<div class=\"elementor-background-overlay\"><\/div>\n\t\t\t\t\t\t<div class=\"elementor-element elementor-element-3fa9162 elementor-widget elementor-widget-heading\" data-id=\"3fa9162\" data-element_type=\"widget\" data-e-type=\"widget\" data-widget_type=\"heading.default\">\n\t\t\t\t<div class=\"elementor-widget-container\">\n\t\t\t\t\t<h2 class=\"elementor-heading-title elementor-size-default\"><a href=\"https:\/\/medicalglow.be\/tr\/massage\/\">Masaj<\/a><\/h2>\t\t\t\t<\/div>\n\t\t\t\t<\/div>\n\t\t\t\t\t<\/div>\n\t\t<\/div>\n\t\t\t\t<div class=\"elementor-column elementor-col-33 elementor-top-column elementor-element elementor-element-81895a1\" data-id=\"81895a1\" data-element_type=\"column\" data-e-type=\"column\" data-settings=\"{&quot;background_background&quot;:&quot;classic&quot;}\">\n\t\t\t<div class=\"elementor-widget-wrap elementor-element-populated\">\n\t\t\t\t\t<div class=\"elementor-background-overlay\"><\/div>\n\t\t\t\t\t\t<div class=\"elementor-element elementor-element-64d355b elementor-widget elementor-widget-heading\" data-id=\"64d355b\" data-element_type=\"widget\" data-e-type=\"widget\" data-widget_type=\"heading.default\">\n\t\t\t\t<div class=\"elementor-widget-container\">\n\t\t\t\t\t<h2 class=\"elementor-heading-title elementor-size-default\"><a href=\"https:\/\/medicalglow.be\/tr\/striem\/\">Strech i\u015faretleri<\/a><\/h2>\t\t\t\t<\/div>\n\t\t\t\t<\/div>\n\t\t\t\t\t<\/div>\n\t\t<\/div>\n\t\t\t\t<div class=\"elementor-column elementor-col-33 elementor-top-column elementor-element elementor-element-ea143a1\" data-id=\"ea143a1\" data-element_type=\"column\" data-e-type=\"column\" data-settings=\"{&quot;background_background&quot;:&quot;classic&quot;}\">\n\t\t\t<div class=\"elementor-widget-wrap elementor-element-populated\">\n\t\t\t\t\t<div class=\"elementor-background-overlay\"><\/div>\n\t\t\t\t\t\t<div class=\"elementor-element elementor-element-c46c129 elementor-widget elementor-widget-heading\" data-id=\"c46c129\" data-element_type=\"widget\" data-e-type=\"widget\" data-widget_type=\"heading.default\">\n\t\t\t\t<div class=\"elementor-widget-container\">\n\t\t\t\t\t<h2 class=\"elementor-heading-title elementor-size-default\"><a href=\"https:\/\/medicalglow.be\/tr\/laserontharing\/\">Lazer epilasyon<\/a><\/h2>\t\t\t\t<\/div>\n\t\t\t\t<\/div>\n\t\t\t\t\t<\/div>\n\t\t<\/div>\n\t\t\t\t\t<\/div>\n\t\t<\/section>\n\t\t\t\t<\/div>","protected":false},"excerpt":{"rendered":"<p>Lichaamsbehandelingen We hebben maar \u00e9\u00e9n lichaam en daarvoor moeten we heel goed voor zorgen. Als ze ons zouden zeggen dat we maar \u00e9\u00e9n auto in heel ons leven mochten krijgen. Hoe zou je zorgen voor je auto? Zo moet je ook zorgdragen voor je lichaam, want we hebben er maar 1. verzorg je lichaam met [&hellip;]<\/p>\n","protected":false},"author":1,"featured_media":0,"parent":1711,"menu_order":0,"comment_status":"closed","ping_status":"closed","template":"","meta":{"site-sidebar-layout":"no-sidebar","site-content-layout":"page-builder","ast-site-content-layout":"","site-content-style":"default","site-sidebar-style":"default","ast-global-header-display":"","ast-banner-title-visibility":"","ast-main-header-display":"","ast-hfb-above-header-display":"","ast-hfb-below-header-display":"","ast-hfb-mobile-header-display":"","site-post-title":"disabled","ast-breadcrumbs-content":"","ast-featured-img":"disabled","footer-sml-layout":"","theme-transparent-header-meta":"","adv-header-id-meta":"","stick-header-meta":"","header-above-stick-meta":"","header-main-stick-meta":"","header-below-stick-meta":"","astra-migrate-meta-layouts":"default","ast-page-background-enabled":"default","ast-page-background-meta":{"desktop":{"background-color":"var(--ast-global-color-4)","background-image":"","background-repeat":"repeat","background-position":"center center","background-size":"auto","background-attachment":"scroll","background-type":"","background-media":"","overlay-type":"","overlay-color":"","overlay-gradient":""},"tablet":{"background-color":"","background-image":"","background-repeat":"repeat","background-position":"center center","background-size":"auto","background-attachment":"scroll","background-type":"","background-media":"","overlay-type":"","overlay-color":"","overlay-gradient":""},"mobile":{"background-color":"","background-image":"","background-repeat":"repeat","background-position":"center center","background-size":"auto","background-attachment":"scroll","background-type":"","background-media":"","overlay-type":"","overlay-color":"","overlay-gradient":""}},"ast-content-background-meta":{"desktop":{"background-color":"var(--ast-global-color-5)","background-image":"","background-repeat":"repeat","background-position":"center center","background-size":"auto","background-attachment":"scroll","background-type":"","background-media":"","overlay-type":"","overlay-color":"","overlay-gradient":""},"tablet":{"background-color":"var(--ast-global-color-5)","background-image":"","background-repeat":"repeat","background-position":"center center","background-size":"auto","background-attachment":"scroll","background-type":"","background-media":"","overlay-type":"","overlay-color":"","overlay-gradient":""},"mobile":{"background-color":"var(--ast-global-color-5)","background-image":"","background-repeat":"repeat","background-position":"center center","background-size":"auto","background-attachment":"scroll","background-type":"","background-media":"","overlay-type":"","overlay-color":"","overlay-gradient":""}},"jetpack_post_was_ever_published":false,"footnotes":""},"class_list":["post-1951","page","type-page","status-publish","hentry"],"aioseo_notices":[],"jetpack_sharing_enabled":true,"_links":{"self":[{"href":"https:\/\/medicalglow.be\/tr\/wp-json\/wp\/v2\/pages\/1951","targetHints":{"allow":["GET"]}}],"collection":[{"href":"https:\/\/medicalglow.be\/tr\/wp-json\/wp\/v2\/pages"}],"about":[{"href":"https:\/\/medicalglow.be\/tr\/wp-json\/wp\/v2\/types\/page"}],"author":[{"embeddable":true,"href":"https:\/\/medicalglow.be\/tr\/wp-json\/wp\/v2\/users\/1"}],"replies":[{"embeddable":true,"href":"https:\/\/medicalglow.be\/tr\/wp-json\/wp\/v2\/comments?post=1951"}],"version-history":[{"count":14,"href":"https:\/\/medicalglow.be\/tr\/wp-json\/wp\/v2\/pages\/1951\/revisions"}],"predecessor-version":[{"id":2107,"href":"https:\/\/medicalglow.be\/tr\/wp-json\/wp\/v2\/pages\/1951\/revisions\/2107"}],"up":[{"embeddable":true,"href":"https:\/\/medicalglow.be\/tr\/wp-json\/wp\/v2\/pages\/1711"}],"wp:attachment":[{"href":"https:\/\/medicalglow.be\/tr\/wp-json\/wp\/v2\/media?parent=1951"}],"curies":[{"name":"wp","href":"https:\/\/api.w.org\/{rel}","templated":true}]}}