{"id":1966,"date":"2023-04-09T10:58:45","date_gmt":"2023-04-09T10:58:45","guid":{"rendered":"https:\/\/medicalglow.be\/?page_id=1966"},"modified":"2025-12-19T10:58:06","modified_gmt":"2025-12-19T10:58:06","slug":"permanente-make-up","status":"publish","type":"page","link":"https:\/\/medicalglow.be\/tr\/aanbod\/permanente-make-up\/","title":{"rendered":"Kal\u0131c\u0131 makyaj"},"content":{"rendered":"<div data-elementor-type=\"wp-page\" data-elementor-id=\"1966\" class=\"elementor elementor-1966\">\n\t\t\t\t\t\t<section class=\"elementor-section elementor-top-section elementor-element elementor-element-45ip6zv elementor-section-content-top elementor-section-boxed elementor-section-height-default elementor-section-height-default\" data-id=\"45ip6zv\" data-element_type=\"section\" data-e-type=\"section\" data-settings=\"{&quot;background_background&quot;:&quot;classic&quot;}\">\n\t\t\t\t\t\t\t<div class=\"elementor-background-overlay\"><\/div>\n\t\t\t\t\t\t\t<div class=\"elementor-container elementor-column-gap-no\">\n\t\t\t\t\t<div class=\"elementor-column elementor-col-100 elementor-top-column elementor-element elementor-element-5312e3d\" data-id=\"5312e3d\" data-element_type=\"column\" data-e-type=\"column\">\n\t\t\t<div class=\"elementor-widget-wrap elementor-element-populated\">\n\t\t\t\t\t\t<div class=\"elementor-element elementor-element-f8e2218 elementor-widget elementor-widget-heading\" data-id=\"f8e2218\" data-element_type=\"widget\" data-e-type=\"widget\" data-widget_type=\"heading.default\">\n\t\t\t\t<div class=\"elementor-widget-container\">\n\t\t\t\t\t<h2 class=\"elementor-heading-title elementor-size-default\">Permanent makeup - Deepliner<\/h2>\t\t\t\t<\/div>\n\t\t\t\t<\/div>\n\t\t\t\t<div class=\"elementor-element elementor-element-14524f7 elementor-widget__width-initial elementor-widget elementor-widget-text-editor\" data-id=\"14524f7\" data-element_type=\"widget\" data-e-type=\"widget\" data-widget_type=\"text-editor.default\">\n\t\t\t\t<div class=\"elementor-widget-container\">\n\t\t\t\t\t\t\t\t\t<p data-start=\"125\" data-end=\"500\">Wil je elke dag wakker worden met een natuurlijke, stralende oogopslag z\u00f3nder make-up? Bij <strong data-start=\"216\" data-end=\"240\">Medical Glow in Gent<\/strong> zijn we gespecialiseerd in <strong data-start=\"268\" data-end=\"299\">deepliner permanent make-up<\/strong>, een zachte eyeliner techniek waarbij pigment tussen de wimperrand wordt geplaatst. Het resultaat? <strong data-start=\"399\" data-end=\"497\">Optisch vollere wimpers, een intensere blik en een natuurlijke eyeliner die 24\/7 blijft zitten<\/strong>.<\/p><p data-start=\"502\" data-end=\"675\">Perfect voor wie tijd wil besparen, moeite heeft met make-up of gevoelige ogen heeft. Ontdek de kracht van subtiele schoonheid met <strong data-start=\"633\" data-end=\"672\">deepliner PMU bij Medical Glow Gent<\/strong>.<\/p><p data-start=\"502\" data-end=\"675\">Fiyat: \u20ac200<\/p><p data-start=\"502\" data-end=\"675\">Plan jouw deepliner behandeling eenvoudig via de knop hieronder of scroll verder en ontdek alles over de deepliner treatment.<\/p>\t\t\t\t\t\t\t\t<\/div>\n\t\t\t\t<\/div>\n\t\t\t\t<div class=\"elementor-element elementor-element-49f0d30 elementor-align-center elementor-widget elementor-widget-button\" data-id=\"49f0d30\" data-element_type=\"widget\" data-e-type=\"widget\" data-widget_type=\"button.default\">\n\t\t\t\t<div class=\"elementor-widget-container\">\n\t\t\t\t\t\t\t\t\t<div class=\"elementor-button-wrapper\">\n\t\t\t\t\t<a class=\"elementor-button elementor-button-link elementor-size-sm\" href=\"https:\/\/calendly.com\/medicalglow\/eyeliner\" target=\"_blank\">\n\t\t\t\t\t\t<span class=\"elementor-button-content-wrapper\">\n\t\t\t\t\t\t\t\t\t<span class=\"elementor-button-text\">\u015eimdi rezervasyon yapt\u0131r\u0131n<\/span>\n\t\t\t\t\t<\/span>\n\t\t\t\t\t<\/a>\n\t\t\t\t<\/div>\n\t\t\t\t\t\t\t\t<\/div>\n\t\t\t\t<\/div>\n\t\t\t\t\t<\/div>\n\t\t<\/div>\n\t\t\t\t\t<\/div>\n\t\t<\/section>\n\t\t\t\t<section class=\"elementor-section elementor-top-section elementor-element elementor-element-eff3e96 elementor-section-boxed elementor-section-height-default elementor-section-height-default\" data-id=\"eff3e96\" data-element_type=\"section\" data-e-type=\"section\">\n\t\t\t\t\t\t<div class=\"elementor-container elementor-column-gap-default\">\n\t\t\t\t\t<div class=\"elementor-column elementor-col-100 elementor-top-column elementor-element elementor-element-3d902ba\" data-id=\"3d902ba\" data-element_type=\"column\" data-e-type=\"column\">\n\t\t\t<div class=\"elementor-widget-wrap elementor-element-populated\">\n\t\t\t\t\t\t<div class=\"elementor-element elementor-element-4f3b33b elementor-widget elementor-widget-heading\" data-id=\"4f3b33b\" data-element_type=\"widget\" data-e-type=\"widget\" data-widget_type=\"heading.default\">\n\t\t\t\t<div class=\"elementor-widget-container\">\n\t\t\t\t\t<h3 class=\"elementor-heading-title elementor-size-default\">Wat is een Deepliner?<\/h3>\t\t\t\t<\/div>\n\t\t\t\t<\/div>\n\t\t\t\t<div class=\"elementor-element elementor-element-bbd6665 elementor-widget elementor-widget-text-editor\" data-id=\"bbd6665\" data-element_type=\"widget\" data-e-type=\"widget\" data-widget_type=\"text-editor.default\">\n\t\t\t\t<div class=\"elementor-widget-container\">\n\t\t\t\t\t\t\t\t\t<p data-start=\"1254\" data-end=\"1436\">Een <strong data-start=\"1258\" data-end=\"1311\">deepliner (ook bekend als wimperrand pigmentatie)<\/strong> is een vorm van permanent make-up waarbij een dun lijntje pigment <strong data-start=\"1378\" data-end=\"1406\">tussen de wimperhaartjes<\/strong> wordt aangebracht. Dit geeft:<\/p><p data-start=\"1438\" data-end=\"1615\">\u2714 Een natuurlijke en frisse uitstraling<br data-start=\"1477\" data-end=\"1480\" \/>\u2714 Meer diepte en expressie in de ogen<br data-start=\"1517\" data-end=\"1520\" \/>\u2714 Optisch vollere wimpers, zonder harde eyeliner<br data-start=\"1568\" data-end=\"1571\" \/>\u2714 Een make-up look die 24\/7 perfect blijft<\/p><p data-start=\"1617\" data-end=\"1788\">In tegenstelling tot een klassieke eyeliner blijft de deepliner <strong data-start=\"1681\" data-end=\"1708\">zachter en natuurlijker<\/strong>, perfect voor wie geen zichtbaar lijntje boven het ooglid wil, maar w\u00e9l impact.<\/p>\t\t\t\t\t\t\t\t<\/div>\n\t\t\t\t<\/div>\n\t\t\t\t<div class=\"elementor-element elementor-element-dec2e00 elementor-widget elementor-widget-button\" data-id=\"dec2e00\" data-element_type=\"widget\" data-e-type=\"widget\" data-widget_type=\"button.default\">\n\t\t\t\t<div class=\"elementor-widget-container\">\n\t\t\t\t\t\t\t\t\t<div class=\"elementor-button-wrapper\">\n\t\t\t\t\t<a class=\"elementor-button elementor-button-link elementor-size-sm\" href=\"https:\/\/calendly.com\/medicalglow\/eyeliner\" target=\"_blank\">\n\t\t\t\t\t\t<span class=\"elementor-button-content-wrapper\">\n\t\t\t\t\t\t\t\t\t<span class=\"elementor-button-text\">\u015eimdi rezervasyon yapt\u0131r\u0131n<\/span>\n\t\t\t\t\t<\/span>\n\t\t\t\t\t<\/a>\n\t\t\t\t<\/div>\n\t\t\t\t\t\t\t\t<\/div>\n\t\t\t\t<\/div>\n\t\t\t\t\t<\/div>\n\t\t<\/div>\n\t\t\t\t\t<\/div>\n\t\t<\/section>\n\t\t\t\t<section class=\"elementor-section elementor-top-section elementor-element elementor-element-16f379d elementor-section-boxed elementor-section-height-default elementor-section-height-default\" data-id=\"16f379d\" data-element_type=\"section\" data-e-type=\"section\">\n\t\t\t\t\t\t<div class=\"elementor-container elementor-column-gap-default\">\n\t\t\t\t\t<div class=\"elementor-column elementor-col-50 elementor-top-column elementor-element elementor-element-69e852e\" data-id=\"69e852e\" data-element_type=\"column\" data-e-type=\"column\">\n\t\t\t<div class=\"elementor-widget-wrap elementor-element-populated\">\n\t\t\t\t\t\t<div class=\"elementor-element elementor-element-046748e elementor-widget elementor-widget-text-editor\" data-id=\"046748e\" data-element_type=\"widget\" data-e-type=\"widget\" data-widget_type=\"text-editor.default\">\n\t\t\t\t<div class=\"elementor-widget-container\">\n\t\t\t\t\t\t\t\t\t<h2 data-start=\"1795\" data-end=\"1834\">Voor wie is de Deepliner geschikt?<\/h2><p data-start=\"1835\" data-end=\"1879\">De\u00a0<strong data-start=\"1838\" data-end=\"1863\">deepliner behandeling<\/strong>\u00a0is ideaal voor:<\/p><ul data-start=\"1881\" data-end=\"2136\"><li data-start=\"1881\" data-end=\"1934\"><p data-start=\"1883\" data-end=\"1934\">Wie er altijd verzorgd uit wil zien, zonder make-up<\/p><\/li><li data-start=\"1935\" data-end=\"1981\"><p data-start=\"1937\" data-end=\"1981\">Drukke vrouwen met weinig tijd in de ochtend<\/p><\/li><li data-start=\"1982\" data-end=\"2016\"><p data-start=\"1984\" data-end=\"2016\">Sporters (zweet- en waterproof!)<\/p><\/li><li data-start=\"2017\" data-end=\"2030\"><p data-start=\"2019\" data-end=\"2030\">Brildragers<\/p><\/li><li data-start=\"2031\" data-end=\"2085\"><p data-start=\"2033\" data-end=\"2085\">Mensen met gevoelige ogen\u00a0<\/p><\/li><li data-start=\"2086\" data-end=\"2136\"><p data-start=\"2088\" data-end=\"2136\">Iedereen die een stralende, frisse oogopslag wil<\/p><\/li><\/ul>\t\t\t\t\t\t\t\t<\/div>\n\t\t\t\t<\/div>\n\t\t\t\t\t<\/div>\n\t\t<\/div>\n\t\t\t\t<div class=\"elementor-column elementor-col-50 elementor-top-column elementor-element elementor-element-fea4d5d\" data-id=\"fea4d5d\" data-element_type=\"column\" data-e-type=\"column\">\n\t\t\t<div class=\"elementor-widget-wrap elementor-element-populated\">\n\t\t\t\t\t\t<div class=\"elementor-element elementor-element-11fe1a2 elementor-widget elementor-widget-image\" data-id=\"11fe1a2\" data-element_type=\"widget\" data-e-type=\"widget\" data-widget_type=\"image.default\">\n\t\t\t\t<div class=\"elementor-widget-container\">\n\t\t\t\t\t\t\t\t\t\t\t\t\t\t\t<img fetchpriority=\"high\" decoding=\"async\" width=\"300\" height=\"300\" src=\"https:\/\/i0.wp.com\/medicalglow.be\/wp-content\/uploads\/2025\/11\/WhatsApp-Image-2025-11-06-at-16.40.08.jpeg?resize=300%2C300&amp;ssl=1\" class=\"attachment-woocommerce_thumbnail size-woocommerce_thumbnail wp-image-3348\" alt=\"\" srcset=\"https:\/\/i0.wp.com\/medicalglow.be\/wp-content\/uploads\/2025\/11\/WhatsApp-Image-2025-11-06-at-16.40.08.jpeg?resize=150%2C150&amp;ssl=1 150w, https:\/\/i0.wp.com\/medicalglow.be\/wp-content\/uploads\/2025\/11\/WhatsApp-Image-2025-11-06-at-16.40.08.jpeg?resize=300%2C300&amp;ssl=1 300w, https:\/\/i0.wp.com\/medicalglow.be\/wp-content\/uploads\/2025\/11\/WhatsApp-Image-2025-11-06-at-16.40.08.jpeg?resize=100%2C100&amp;ssl=1 100w, https:\/\/i0.wp.com\/medicalglow.be\/wp-content\/uploads\/2025\/11\/WhatsApp-Image-2025-11-06-at-16.40.08.jpeg?zoom=2&amp;resize=300%2C300&amp;ssl=1 600w, https:\/\/i0.wp.com\/medicalglow.be\/wp-content\/uploads\/2025\/11\/WhatsApp-Image-2025-11-06-at-16.40.08.jpeg?zoom=3&amp;resize=300%2C300&amp;ssl=1 900w\" sizes=\"(max-width: 300px) 100vw, 300px\" \/>\t\t\t\t\t\t\t\t\t\t\t\t\t\t\t<\/div>\n\t\t\t\t<\/div>\n\t\t\t\t\t<\/div>\n\t\t<\/div>\n\t\t\t\t\t<\/div>\n\t\t<\/section>\n\t\t\t\t<section class=\"elementor-section elementor-top-section elementor-element elementor-element-90af53e elementor-section-boxed elementor-section-height-default elementor-section-height-default\" data-id=\"90af53e\" data-element_type=\"section\" data-e-type=\"section\">\n\t\t\t\t\t\t<div class=\"elementor-container elementor-column-gap-default\">\n\t\t\t\t\t<div class=\"elementor-column elementor-col-100 elementor-top-column elementor-element elementor-element-2a132f3\" data-id=\"2a132f3\" data-element_type=\"column\" data-e-type=\"column\">\n\t\t\t<div class=\"elementor-widget-wrap elementor-element-populated\">\n\t\t\t\t\t\t<div class=\"elementor-element elementor-element-54c01fd elementor-widget elementor-widget-text-editor\" data-id=\"54c01fd\" data-element_type=\"widget\" data-e-type=\"widget\" data-widget_type=\"text-editor.default\">\n\t\t\t\t<div class=\"elementor-widget-container\">\n\t\t\t\t\t\t\t\t\t<h2 data-start=\"2143\" data-end=\"2196\">Hoe verloopt de behandeling bij Medical Glow?<\/h2><h3 data-start=\"419\" data-end=\"447\"><strong data-start=\"423\" data-end=\"445\">1. Intake &amp; advies<\/strong><\/h3><p data-start=\"448\" data-end=\"787\">Tijdens de intake bespreken we jouw wensen, oogvorm en de gewenste intensiteit van de deepliner. We bekijken welke stijl het mooiste past bij jouw ogen en huidtype, zodat de <strong data-start=\"622\" data-end=\"648\">wimperrand pigmentatie<\/strong> een natuurlijk en harmonieus resultaat geeft. Dit persoonlijke advies zorgt ervoor dat jouw <strong data-start=\"741\" data-end=\"758\">deepliner PMU<\/strong> perfect op maat wordt gezet.<\/p><h3 data-start=\"789\" data-end=\"823\"><strong data-start=\"793\" data-end=\"821\">2. Verdoving (optioneel)<\/strong><\/h3><p data-start=\"824\" data-end=\"1102\">Indien je dat wenst, kan er voor de behandeling een dun laagje verdovende cr\u00e8me worden aangebracht. De meeste klanten ervaren de deepliner behandeling echter als vrijwel pijnloos, ook zonder verdoving. Dankzij onze professionele technieken blijft het comfort altijd vooropstaan.<\/p><h3 data-start=\"1104\" data-end=\"1131\"><strong data-start=\"1108\" data-end=\"1129\">3. De behandeling<\/strong><\/h3><p data-start=\"1132\" data-end=\"1461\">Tijdens de behandeling wordt met een <strong data-start=\"1169\" data-end=\"1190\">zeer fijn naaldje<\/strong> het zwarte pigment nauwkeurig tussen de wimperhaartjes aangebracht. Dit gebeurt laag voor laag, zodat het resultaat <strong data-start=\"1307\" data-end=\"1345\">subtiel, symmetrisch en natuurlijk<\/strong> oogt.<br data-start=\"1351\" data-end=\"1354\" \/>We werken met hoogwaardige, veilige PMU-pigmenten die speciaal ontwikkeld zijn voor de gevoelige oogzone.<\/p><h3 data-start=\"1774\" data-end=\"1793\"><strong data-start=\"1778\" data-end=\"1791\">4. Nazorg<\/strong><\/h3><p data-start=\"1794\" data-end=\"2003\">Na de behandeling krijg je duidelijke nazorginstructies mee zodat het pigment mooi kan genezen. Tijdens het genezingsproces vervaagt het pigment altijd licht; dit is volledig normaal bij <strong data-start=\"1981\" data-end=\"2002\">permanent make-up<\/strong>.<\/p><p data-start=\"2451\" data-end=\"2597\"><img decoding=\"async\" class=\"emoji\" role=\"img\" draggable=\"false\" src=\"https:\/\/s.w.org\/images\/core\/emoji\/16.0.1\/svg\/23f1.svg\" alt=\"\u23f1\" \/> Duur: ca. 1\u2013 1,5 uur<br data-start=\"2474\" data-end=\"2477\" \/><img decoding=\"async\" class=\"emoji\" role=\"img\" draggable=\"false\" src=\"https:\/\/s.w.org\/images\/core\/emoji\/16.0.1\/svg\/1f4c5.svg\" alt=\"\ud83d\udcc5\" \/> Houdbaarheid: 1 tot 2 jaar (met touch-up verleng je het resultaat)<br data-start=\"2546\" data-end=\"2549\" \/><img decoding=\"async\" class=\"emoji\" role=\"img\" draggable=\"false\" src=\"https:\/\/s.w.org\/images\/core\/emoji\/16.0.1\/svg\/1f4ab.svg\" alt=\"\ud83d\udcab\" \/> Resultaat: subtiel, strak en direct zichtbaar<\/p>\t\t\t\t\t\t\t\t<\/div>\n\t\t\t\t<\/div>\n\t\t\t\t\t<\/div>\n\t\t<\/div>\n\t\t\t\t\t<\/div>\n\t\t<\/section>\n\t\t\t\t<section class=\"elementor-section elementor-top-section elementor-element elementor-element-780e49f elementor-section-boxed elementor-section-height-default elementor-section-height-default\" data-id=\"780e49f\" data-element_type=\"section\" data-e-type=\"section\">\n\t\t\t\t\t\t<div class=\"elementor-container elementor-column-gap-default\">\n\t\t\t\t\t<div class=\"elementor-column elementor-col-50 elementor-top-column elementor-element elementor-element-1f9250a\" data-id=\"1f9250a\" data-element_type=\"column\" data-e-type=\"column\">\n\t\t\t<div class=\"elementor-widget-wrap elementor-element-populated\">\n\t\t\t\t\t\t<div class=\"elementor-element elementor-element-8fd4f8f elementor-widget elementor-widget-text-editor\" data-id=\"8fd4f8f\" data-element_type=\"widget\" data-e-type=\"widget\" data-widget_type=\"text-editor.default\">\n\t\t\t\t<div class=\"elementor-widget-container\">\n\t\t\t\t\t\t\t\t\t<h2 data-start=\"2010\" data-end=\"2067\">Wat je moet weten over het pigment en de nabehandeling<\/h2><p data-start=\"2069\" data-end=\"2430\">We raden steeds aan om met <strong data-start=\"2096\" data-end=\"2113\">zwart pigment<\/strong> te werken, omdat dit na genezing de meest natuurlijke en zichtbare look geeft. Tijdens de genezing kan het pigment licht vervagen. Ook is het belangrijk om te weten dat sommige huidtypes pigment minder goed opnemen. In zeldzame gevallen kan de huid het pigment afstoten, waardoor het resultaat minder of niet blijft.<\/p><p>\u00a0<\/p><p data-start=\"2432\" data-end=\"2736\">Indien gewenst kan je na ongeveer <strong data-start=\"2466\" data-end=\"2477\">4 weken<\/strong> terugkomen voor een bijwerking. Bij de meeste klanten blijft het pigment na de tweede sessie w\u00e9l mooi zitten. Wanneer er sprake is van een normale vervaging, zorgt de tweede behandeling ervoor dat de deepliner <strong data-start=\"2688\" data-end=\"2718\">intensiever en langduriger<\/strong> zichtbaar blijft.<\/p>\t\t\t\t\t\t\t\t<\/div>\n\t\t\t\t<\/div>\n\t\t\t\t\t<\/div>\n\t\t<\/div>\n\t\t\t\t<div class=\"elementor-column elementor-col-50 elementor-top-column elementor-element elementor-element-c4cb9d1\" data-id=\"c4cb9d1\" data-element_type=\"column\" data-e-type=\"column\">\n\t\t\t<div class=\"elementor-widget-wrap elementor-element-populated\">\n\t\t\t\t\t\t<div class=\"elementor-element elementor-element-228c1c8 elementor-align-center elementor-widget elementor-widget-button\" data-id=\"228c1c8\" data-element_type=\"widget\" data-e-type=\"widget\" data-widget_type=\"button.default\">\n\t\t\t\t<div class=\"elementor-widget-container\">\n\t\t\t\t\t\t\t\t\t<div class=\"elementor-button-wrapper\">\n\t\t\t\t\t<a class=\"elementor-button elementor-button-link elementor-size-sm\" href=\"https:\/\/calendly.com\/medicalglow\/eyeliner\" target=\"_blank\">\n\t\t\t\t\t\t<span class=\"elementor-button-content-wrapper\">\n\t\t\t\t\t\t\t\t\t<span class=\"elementor-button-text\">\u015eimdi rezervasyon yapt\u0131r\u0131n<\/span>\n\t\t\t\t\t<\/span>\n\t\t\t\t\t<\/a>\n\t\t\t\t<\/div>\n\t\t\t\t\t\t\t\t<\/div>\n\t\t\t\t<\/div>\n\t\t\t\t<div class=\"elementor-element elementor-element-7f598d8 elementor-widget elementor-widget-image\" data-id=\"7f598d8\" data-element_type=\"widget\" data-e-type=\"widget\" data-widget_type=\"image.default\">\n\t\t\t\t<div class=\"elementor-widget-container\">\n\t\t\t\t\t\t\t\t\t\t\t\t\t\t\t<img decoding=\"async\" width=\"1024\" height=\"1024\" src=\"https:\/\/i0.wp.com\/medicalglow.be\/wp-content\/uploads\/2023\/09\/young-woman-wellness-center-during-skin-treatment-scaled.jpg?fit=1024%2C1024&amp;ssl=1\" class=\"attachment-large size-large wp-image-2688\" alt=\"\" srcset=\"https:\/\/i0.wp.com\/medicalglow.be\/wp-content\/uploads\/2023\/09\/young-woman-wellness-center-during-skin-treatment-scaled.jpg?w=2560&amp;ssl=1 2560w, https:\/\/i0.wp.com\/medicalglow.be\/wp-content\/uploads\/2023\/09\/young-woman-wellness-center-during-skin-treatment-scaled.jpg?resize=300%2C300&amp;ssl=1 300w, https:\/\/i0.wp.com\/medicalglow.be\/wp-content\/uploads\/2023\/09\/young-woman-wellness-center-during-skin-treatment-scaled.jpg?resize=1024%2C1024&amp;ssl=1 1024w, https:\/\/i0.wp.com\/medicalglow.be\/wp-content\/uploads\/2023\/09\/young-woman-wellness-center-during-skin-treatment-scaled.jpg?resize=150%2C150&amp;ssl=1 150w, https:\/\/i0.wp.com\/medicalglow.be\/wp-content\/uploads\/2023\/09\/young-woman-wellness-center-during-skin-treatment-scaled.jpg?resize=768%2C768&amp;ssl=1 768w, https:\/\/i0.wp.com\/medicalglow.be\/wp-content\/uploads\/2023\/09\/young-woman-wellness-center-during-skin-treatment-scaled.jpg?resize=1536%2C1536&amp;ssl=1 1536w, https:\/\/i0.wp.com\/medicalglow.be\/wp-content\/uploads\/2023\/09\/young-woman-wellness-center-during-skin-treatment-scaled.jpg?resize=2048%2C2048&amp;ssl=1 2048w, https:\/\/i0.wp.com\/medicalglow.be\/wp-content\/uploads\/2023\/09\/young-woman-wellness-center-during-skin-treatment-scaled.jpg?resize=12%2C12&amp;ssl=1 12w, https:\/\/i0.wp.com\/medicalglow.be\/wp-content\/uploads\/2023\/09\/young-woman-wellness-center-during-skin-treatment-scaled.jpg?resize=600%2C600&amp;ssl=1 600w, https:\/\/i0.wp.com\/medicalglow.be\/wp-content\/uploads\/2023\/09\/young-woman-wellness-center-during-skin-treatment-scaled.jpg?resize=100%2C100&amp;ssl=1 100w, https:\/\/i0.wp.com\/medicalglow.be\/wp-content\/uploads\/2023\/09\/young-woman-wellness-center-during-skin-treatment-scaled.jpg?w=2400&amp;ssl=1 2400w\" sizes=\"(max-width: 1024px) 100vw, 1024px\" \/>\t\t\t\t\t\t\t\t\t\t\t\t\t\t\t<\/div>\n\t\t\t\t<\/div>\n\t\t\t\t\t<\/div>\n\t\t<\/div>\n\t\t\t\t\t<\/div>\n\t\t<\/section>\n\t\t\t\t<\/div>","protected":false},"excerpt":{"rendered":"<p>Permanent makeup &#8211; Deepliner Wil je elke dag wakker worden met een natuurlijke, stralende oogopslag z\u00f3nder make-up? Bij Medical Glow in Gent zijn we gespecialiseerd in deepliner permanent make-up, een zachte eyeliner techniek waarbij pigment tussen de wimperrand wordt geplaatst. Het resultaat? Optisch vollere wimpers, een intensere blik en een natuurlijke eyeliner die 24\/7 blijft [&hellip;]<\/p>\n","protected":false},"author":1,"featured_media":0,"parent":1711,"menu_order":0,"comment_status":"closed","ping_status":"closed","template":"","meta":{"site-sidebar-layout":"no-sidebar","site-content-layout":"page-builder","ast-site-content-layout":"","site-content-style":"default","site-sidebar-style":"default","ast-global-header-display":"","ast-banner-title-visibility":"","ast-main-header-display":"","ast-hfb-above-header-display":"","ast-hfb-below-header-display":"","ast-hfb-mobile-header-display":"","site-post-title":"disabled","ast-breadcrumbs-content":"","ast-featured-img":"disabled","footer-sml-layout":"","theme-transparent-header-meta":"","adv-header-id-meta":"","stick-header-meta":"","header-above-stick-meta":"","header-main-stick-meta":"","header-below-stick-meta":"","astra-migrate-meta-layouts":"default","ast-page-background-enabled":"default","ast-page-background-meta":{"desktop":{"background-color":"var(--ast-global-color-4)","background-image":"","background-repeat":"repeat","background-position":"center center","background-size":"auto","background-attachment":"scroll","background-type":"","background-media":"","overlay-type":"","overlay-color":"","overlay-gradient":""},"tablet":{"background-color":"","background-image":"","background-repeat":"repeat","background-position":"center center","background-size":"auto","background-attachment":"scroll","background-type":"","background-media":"","overlay-type":"","overlay-color":"","overlay-gradient":""},"mobile":{"background-color":"","background-image":"","background-repeat":"repeat","background-position":"center center","background-size":"auto","background-attachment":"scroll","background-type":"","background-media":"","overlay-type":"","overlay-color":"","overlay-gradient":""}},"ast-content-background-meta":{"desktop":{"background-color":"var(--ast-global-color-5)","background-image":"","background-repeat":"repeat","background-position":"center center","background-size":"auto","background-attachment":"scroll","background-type":"","background-media":"","overlay-type":"","overlay-color":"","overlay-gradient":""},"tablet":{"background-color":"var(--ast-global-color-5)","background-image":"","background-repeat":"repeat","background-position":"center center","background-size":"auto","background-attachment":"scroll","background-type":"","background-media":"","overlay-type":"","overlay-color":"","overlay-gradient":""},"mobile":{"background-color":"var(--ast-global-color-5)","background-image":"","background-repeat":"repeat","background-position":"center center","background-size":"auto","background-attachment":"scroll","background-type":"","background-media":"","overlay-type":"","overlay-color":"","overlay-gradient":""}},"jetpack_post_was_ever_published":false,"footnotes":""},"class_list":["post-1966","page","type-page","status-publish","hentry"],"aioseo_notices":[],"jetpack_sharing_enabled":true,"_links":{"self":[{"href":"https:\/\/medicalglow.be\/tr\/wp-json\/wp\/v2\/pages\/1966","targetHints":{"allow":["GET"]}}],"collection":[{"href":"https:\/\/medicalglow.be\/tr\/wp-json\/wp\/v2\/pages"}],"about":[{"href":"https:\/\/medicalglow.be\/tr\/wp-json\/wp\/v2\/types\/page"}],"author":[{"embeddable":true,"href":"https:\/\/medicalglow.be\/tr\/wp-json\/wp\/v2\/users\/1"}],"replies":[{"embeddable":true,"href":"https:\/\/medicalglow.be\/tr\/wp-json\/wp\/v2\/comments?post=1966"}],"version-history":[{"count":49,"href":"https:\/\/medicalglow.be\/tr\/wp-json\/wp\/v2\/pages\/1966\/revisions"}],"predecessor-version":[{"id":3394,"href":"https:\/\/medicalglow.be\/tr\/wp-json\/wp\/v2\/pages\/1966\/revisions\/3394"}],"up":[{"embeddable":true,"href":"https:\/\/medicalglow.be\/tr\/wp-json\/wp\/v2\/pages\/1711"}],"wp:attachment":[{"href":"https:\/\/medicalglow.be\/tr\/wp-json\/wp\/v2\/media?parent=1966"}],"curies":[{"name":"wp","href":"https:\/\/api.w.org\/{rel}","templated":true}]}}