{"id":1971,"date":"2023-04-09T10:59:38","date_gmt":"2023-04-09T10:59:38","guid":{"rendered":"https:\/\/medicalglow.be\/?page_id=1971"},"modified":"2023-09-20T22:45:16","modified_gmt":"2023-09-20T22:45:16","slug":"dietist","status":"publish","type":"page","link":"https:\/\/medicalglow.be\/tr\/dietist\/","title":{"rendered":"Diyetisyen"},"content":{"rendered":"<div data-elementor-type=\"wp-page\" data-elementor-id=\"1971\" class=\"elementor elementor-1971\">\n\t\t\t\t\t\t<section class=\"elementor-section elementor-top-section elementor-element elementor-element-ksu6f73 elementor-section-content-middle elementor-reverse-mobile elementor-section-boxed elementor-section-height-default elementor-section-height-default\" data-id=\"ksu6f73\" data-element_type=\"section\" data-e-type=\"section\" data-settings=\"{&quot;background_background&quot;:&quot;classic&quot;}\">\n\t\t\t\t\t\t<div class=\"elementor-container elementor-column-gap-no\">\n\t\t\t\t\t<div class=\"elementor-column elementor-col-50 elementor-top-column elementor-element elementor-element-79db928\" data-id=\"79db928\" data-element_type=\"column\" data-e-type=\"column\" data-settings=\"{&quot;background_background&quot;:&quot;classic&quot;}\">\n\t\t\t<div class=\"elementor-widget-wrap elementor-element-populated\">\n\t\t\t\t\t\t<section class=\"elementor-section elementor-inner-section elementor-element elementor-element-c8c67ab elementor-section-boxed elementor-section-height-default elementor-section-height-default\" data-id=\"c8c67ab\" data-element_type=\"section\" data-e-type=\"section\">\n\t\t\t\t\t\t<div class=\"elementor-container elementor-column-gap-no\">\n\t\t\t\t\t<div class=\"elementor-column elementor-col-100 elementor-inner-column elementor-element elementor-element-7c813f9\" data-id=\"7c813f9\" data-element_type=\"column\" data-e-type=\"column\">\n\t\t\t<div class=\"elementor-widget-wrap elementor-element-populated\">\n\t\t\t\t\t\t<div class=\"elementor-element elementor-element-3bda911 elementor-widget elementor-widget-heading\" data-id=\"3bda911\" data-element_type=\"widget\" data-e-type=\"widget\" data-widget_type=\"heading.default\">\n\t\t\t\t<div class=\"elementor-widget-container\">\n\t\t\t\t\t<h1 class=\"elementor-heading-title elementor-size-default\">Merhaba<\/h1>\t\t\t\t<\/div>\n\t\t\t\t<\/div>\n\t\t\t\t<div class=\"elementor-element elementor-element-ab78d7d elementor-widget elementor-widget-text-editor\" data-id=\"ab78d7d\" data-element_type=\"widget\" data-e-type=\"widget\" data-widget_type=\"text-editor.default\">\n\t\t\t\t<div class=\"elementor-widget-container\">\n\t\t\t\t\t\t\t\t\t<p>Ben G\u00f6zde, tutkulu bir sezgisel g\u0131da diyetisyeniyim. Peki neden bu yolda y\u00fcr\u00fcmeyi se\u00e7tim? Bu sorunun cevab\u0131, g\u0131da ve kendini kabullenme ile ilgili ki\u015fisel yolculu\u011fumda yat\u0131yor.<\/p>\t\t\t\t\t\t\t\t<\/div>\n\t\t\t\t<\/div>\n\t\t\t\t<div class=\"elementor-element elementor-element-58842f9 elementor-align-left elementor-widget elementor-widget-button\" data-id=\"58842f9\" data-element_type=\"widget\" data-e-type=\"widget\" data-widget_type=\"button.default\">\n\t\t\t\t<div class=\"elementor-widget-container\">\n\t\t\t\t\t\t\t\t\t<div class=\"elementor-button-wrapper\">\n\t\t\t\t\t<a class=\"elementor-button elementor-button-link elementor-size-sm\" href=\"https:\/\/medicalglow.be\/tr\/over-mij\/\">\n\t\t\t\t\t\t<span class=\"elementor-button-content-wrapper\">\n\t\t\t\t\t\t\t\t\t<span class=\"elementor-button-text\">Hakk\u0131mda<\/span>\n\t\t\t\t\t<\/span>\n\t\t\t\t\t<\/a>\n\t\t\t\t<\/div>\n\t\t\t\t\t\t\t\t<\/div>\n\t\t\t\t<\/div>\n\t\t\t\t\t<\/div>\n\t\t<\/div>\n\t\t\t\t\t<\/div>\n\t\t<\/section>\n\t\t\t\t\t<\/div>\n\t\t<\/div>\n\t\t\t\t<div class=\"elementor-column elementor-col-50 elementor-top-column elementor-element elementor-element-3e66579\" data-id=\"3e66579\" data-element_type=\"column\" data-e-type=\"column\">\n\t\t\t<div class=\"elementor-widget-wrap elementor-element-populated\">\n\t\t\t\t\t\t<div class=\"elementor-element elementor-element-96d0ebe elementor-widget elementor-widget-image\" data-id=\"96d0ebe\" data-element_type=\"widget\" data-e-type=\"widget\" data-widget_type=\"image.default\">\n\t\t\t\t<div class=\"elementor-widget-container\">\n\t\t\t\t\t\t\t\t\t\t\t\t\t\t\t<img fetchpriority=\"high\" decoding=\"async\" width=\"1024\" height=\"953\" src=\"https:\/\/i0.wp.com\/medicalglow.be\/wp-content\/uploads\/2023\/04\/Medical-glow_33-scaled-e1695249900556.jpg?fit=1024%2C953&amp;ssl=1\" class=\"attachment-large size-large wp-image-1856\" alt=\"\" srcset=\"https:\/\/i0.wp.com\/medicalglow.be\/wp-content\/uploads\/2023\/04\/Medical-glow_33-scaled-e1695249900556.jpg?w=1962&amp;ssl=1 1962w, https:\/\/i0.wp.com\/medicalglow.be\/wp-content\/uploads\/2023\/04\/Medical-glow_33-scaled-e1695249900556.jpg?resize=600%2C558&amp;ssl=1 600w, https:\/\/i0.wp.com\/medicalglow.be\/wp-content\/uploads\/2023\/04\/Medical-glow_33-scaled-e1695249900556.jpg?resize=300%2C279&amp;ssl=1 300w, https:\/\/i0.wp.com\/medicalglow.be\/wp-content\/uploads\/2023\/04\/Medical-glow_33-scaled-e1695249900556.jpg?resize=1024%2C953&amp;ssl=1 1024w, https:\/\/i0.wp.com\/medicalglow.be\/wp-content\/uploads\/2023\/04\/Medical-glow_33-scaled-e1695249900556.jpg?resize=768%2C715&amp;ssl=1 768w, https:\/\/i0.wp.com\/medicalglow.be\/wp-content\/uploads\/2023\/04\/Medical-glow_33-scaled-e1695249900556.jpg?resize=1536%2C1430&amp;ssl=1 1536w, https:\/\/i0.wp.com\/medicalglow.be\/wp-content\/uploads\/2023\/04\/Medical-glow_33-scaled-e1695249900556.jpg?resize=13%2C12&amp;ssl=1 13w\" sizes=\"(max-width: 1024px) 100vw, 1024px\" \/>\t\t\t\t\t\t\t\t\t\t\t\t\t\t\t<\/div>\n\t\t\t\t<\/div>\n\t\t\t\t\t<\/div>\n\t\t<\/div>\n\t\t\t\t\t<\/div>\n\t\t<\/section>\n\t\t\t\t<section class=\"elementor-section elementor-top-section elementor-element elementor-element-525fa4b elementor-section-boxed elementor-section-height-default elementor-section-height-default\" data-id=\"525fa4b\" data-element_type=\"section\" data-e-type=\"section\">\n\t\t\t\t\t\t<div class=\"elementor-container elementor-column-gap-default\">\n\t\t\t\t\t<div class=\"elementor-column elementor-col-100 elementor-top-column elementor-element elementor-element-822b839\" data-id=\"822b839\" data-element_type=\"column\" data-e-type=\"column\">\n\t\t\t<div class=\"elementor-widget-wrap elementor-element-populated\">\n\t\t\t\t\t\t<div class=\"elementor-element elementor-element-8cf8202 elementor-widget elementor-widget-heading\" data-id=\"8cf8202\" data-element_type=\"widget\" data-e-type=\"widget\" data-widget_type=\"heading.default\">\n\t\t\t\t<div class=\"elementor-widget-container\">\n\t\t\t\t\t<h2 class=\"elementor-heading-title elementor-size-default\">Do\u011fru yere geldiniz<\/h2>\t\t\t\t<\/div>\n\t\t\t\t<\/div>\n\t\t\t\t\t<\/div>\n\t\t<\/div>\n\t\t\t\t\t<\/div>\n\t\t<\/section>\n\t\t\t\t<section class=\"elementor-section elementor-top-section elementor-element elementor-element-1eb360e elementor-section-boxed elementor-section-height-default elementor-section-height-default\" data-id=\"1eb360e\" data-element_type=\"section\" data-e-type=\"section\">\n\t\t\t\t\t\t<div class=\"elementor-container elementor-column-gap-default\">\n\t\t\t\t\t<div class=\"elementor-column elementor-col-100 elementor-top-column elementor-element elementor-element-5f73be7\" data-id=\"5f73be7\" data-element_type=\"column\" data-e-type=\"column\">\n\t\t\t<div class=\"elementor-widget-wrap elementor-element-populated\">\n\t\t\t\t\t\t<div class=\"elementor-element elementor-element-e5a9cc5 elementor-widget elementor-widget-text-editor\" data-id=\"e5a9cc5\" data-element_type=\"widget\" data-e-type=\"widget\" data-widget_type=\"text-editor.default\">\n\t\t\t\t<div class=\"elementor-widget-container\">\n\t\t\t\t\t\t\t\t\t<p>Deneyimli bir sezgisel beslenme diyetisyeni olarak, yiyeceklerle sa\u011fl\u0131kl\u0131 bir ili\u015fki geli\u015ftirmenin i\u00e7erdi\u011fi zorluklar\u0131 anl\u0131yorum. Su\u00e7luluk duygusu veya k\u0131s\u0131tlamalar olmadan yemekten keyif alabilece\u011finiz dengeli bir beslenme yakla\u015f\u0131m\u0131 bulman\u0131za yard\u0131mc\u0131 olmak istiyorum.<\/p><p>\u00a0<\/p><p>Bizde her \u015fey sezgisel beslenme ile ilgilidir - v\u00fccudunuzu dinlemenize ve do\u011fal a\u00e7l\u0131k ve tokluk sinyallerinize g\u00fcvenmenize olanak tan\u0131yan bir yakla\u015f\u0131m. Kat\u0131 diyet kurallar\u0131, kalori say\u0131m\u0131 veya yasak yiyecekler yok. V\u00fccudunuzla yeniden ba\u011flant\u0131 kurmay\u0131 ve yemekten sa\u011fl\u0131kl\u0131 ve dengeli bir \u015fekilde keyif almay\u0131 \u00f6\u011frenmenizi istiyoruz.<\/p><p>\u00a0<\/p><p>Ki\u015fisel ko\u00e7luk ve destek yoluyla, bireysel ihtiya\u00e7lar\u0131n\u0131za ve hedeflerinize g\u00f6re uyarlanm\u0131\u015f yollar sunuyoruz. Birlikte, g\u0131da ile olumlu bir ili\u015fki kurmak ve kal\u0131c\u0131 sa\u011fl\u0131kl\u0131 al\u0131\u015fkanl\u0131klar geli\u015ftirmek i\u00e7in \u00e7al\u0131\u015faca\u011f\u0131z.<\/p><p>\u00a0<\/p><p>Sizi web sitemizi incelemeye ve sezgisel beslenme ve sa\u011flayabilece\u011fi faydalar hakk\u0131nda daha fazla bilgi edinmeye davet ediyorum. Yeme davran\u0131\u015f\u0131n\u0131z\u0131n kontrol\u00fcn\u00fc elinize al\u0131n ve yiyeceklerle daha sa\u011fl\u0131kl\u0131 ve mutlu bir ili\u015fki kurmak i\u00e7in bug\u00fcn bir se\u00e7im yap\u0131n.<\/p><p>\u00a0<\/p><p>\u0130lk ad\u0131m\u0131 atmaya haz\u0131r m\u0131s\u0131n\u0131z? Bizimle ileti\u015fime ge\u00e7in ve su\u00e7luluk duygusu ve k\u0131s\u0131tlamalar olmadan yeme\u011fin tad\u0131n\u0131 \u00e7\u0131karabilece\u011finiz bir hayata do\u011fru yolculu\u011funuza ba\u015flay\u0131n. Birlikte daha sa\u011fl\u0131kl\u0131 ve mutlu bir ya\u015fam i\u00e7in \u00e7al\u0131\u015faca\u011f\u0131z.<\/p><p>\u00a0<\/p><p>\u00a0<\/p><p>Sezgisel beslenme toplulu\u011fumuza ho\u015f geldiniz!<\/p>\t\t\t\t\t\t\t\t<\/div>\n\t\t\t\t<\/div>\n\t\t\t\t\t<\/div>\n\t\t<\/div>\n\t\t\t\t\t<\/div>\n\t\t<\/section>\n\t\t\t\t<section class=\"elementor-section elementor-top-section elementor-element elementor-element-3741fcd animated-slow elementor-section-boxed elementor-section-height-default elementor-section-height-default elementor-invisible\" data-id=\"3741fcd\" data-element_type=\"section\" data-e-type=\"section\" data-settings=\"{&quot;background_background&quot;:&quot;classic&quot;,&quot;animation&quot;:&quot;bounceIn&quot;,&quot;animation_mobile&quot;:&quot;bounceIn&quot;}\">\n\t\t\t\t\t\t<div class=\"elementor-container elementor-column-gap-default\">\n\t\t\t\t\t<div class=\"elementor-column elementor-col-100 elementor-top-column elementor-element elementor-element-1afed8b\" data-id=\"1afed8b\" data-element_type=\"column\" data-e-type=\"column\">\n\t\t\t<div class=\"elementor-widget-wrap elementor-element-populated\">\n\t\t\t\t\t\t<div class=\"elementor-element elementor-element-190ee46 elementor-widget elementor-widget-heading\" data-id=\"190ee46\" data-element_type=\"widget\" data-e-type=\"widget\" data-widget_type=\"heading.default\">\n\t\t\t\t<div class=\"elementor-widget-container\">\n\t\t\t\t\t<h4 class=\"elementor-heading-title elementor-size-default\">\u00dccretsiz e-kitab\u0131 \u015fimdi indirin<\/h4>\t\t\t\t<\/div>\n\t\t\t\t<\/div>\n\t\t\t\t<div class=\"elementor-element elementor-element-3feda67 elementor-button-info elementor-align-center sg-popup-hover-2521 elementor-widget elementor-widget-button\" data-id=\"3feda67\" data-element_type=\"widget\" data-e-type=\"widget\" data-widget_type=\"button.default\">\n\t\t\t\t<div class=\"elementor-widget-container\">\n\t\t\t\t\t\t\t\t\t<div class=\"elementor-button-wrapper\">\n\t\t\t\t\t<a class=\"elementor-button elementor-button-link elementor-size-sm\" href=\"https:\/\/medicalglow.be\/wp-content\/uploads\/2023\/09\/e-book-sezgisel-beslenme.pdf\" target=\"_blank\" id=\"popupbutton\">\n\t\t\t\t\t\t<span class=\"elementor-button-content-wrapper\">\n\t\t\t\t\t\t\t\t\t<span class=\"elementor-button-text\">Indir<\/span>\n\t\t\t\t\t<\/span>\n\t\t\t\t\t<\/a>\n\t\t\t\t<\/div>\n\t\t\t\t\t\t\t\t<\/div>\n\t\t\t\t<\/div>\n\t\t\t\t\t<\/div>\n\t\t<\/div>\n\t\t\t\t\t<\/div>\n\t\t<\/section>\n\t\t\t\t<\/div>","protected":false},"excerpt":{"rendered":"<p>Hallo daar! Ik ben G\u00f6zde, een gepassioneerde intu\u00eftief eten di\u00ebtist. Maar waarom heb ik ervoor gekozen om dit pad te bewandelen? Het antwoord ligt in mijn persoonlijke reis met voeding en zelfacceptatie. Over mij Je bent hier op de juiste plek Als ervaren intu\u00eftief eten di\u00ebtist begrijp ik de uitdagingen die gepaard gaan met het [&hellip;]<\/p>\n","protected":false},"author":1,"featured_media":0,"parent":0,"menu_order":0,"comment_status":"closed","ping_status":"closed","template":"","meta":{"site-sidebar-layout":"no-sidebar","site-content-layout":"page-builder","ast-site-content-layout":"","site-content-style":"default","site-sidebar-style":"default","ast-global-header-display":"","ast-banner-title-visibility":"","ast-main-header-display":"","ast-hfb-above-header-display":"","ast-hfb-below-header-display":"","ast-hfb-mobile-header-display":"","site-post-title":"disabled","ast-breadcrumbs-content":"","ast-featured-img":"disabled","footer-sml-layout":"","theme-transparent-header-meta":"","adv-header-id-meta":"","stick-header-meta":"","header-above-stick-meta":"","header-main-stick-meta":"","header-below-stick-meta":"","astra-migrate-meta-layouts":"default","ast-page-background-enabled":"default","ast-page-background-meta":{"desktop":{"background-color":"var(--ast-global-color-4)","background-image":"","background-repeat":"repeat","background-position":"center center","background-size":"auto","background-attachment":"scroll","background-type":"","background-media":"","overlay-type":"","overlay-color":"","overlay-gradient":""},"tablet":{"background-color":"","background-image":"","background-repeat":"repeat","background-position":"center center","background-size":"auto","background-attachment":"scroll","background-type":"","background-media":"","overlay-type":"","overlay-color":"","overlay-gradient":""},"mobile":{"background-color":"","background-image":"","background-repeat":"repeat","background-position":"center center","background-size":"auto","background-attachment":"scroll","background-type":"","background-media":"","overlay-type":"","overlay-color":"","overlay-gradient":""}},"ast-content-background-meta":{"desktop":{"background-color":"var(--ast-global-color-5)","background-image":"","background-repeat":"repeat","background-position":"center center","background-size":"auto","background-attachment":"scroll","background-type":"","background-media":"","overlay-type":"","overlay-color":"","overlay-gradient":""},"tablet":{"background-color":"var(--ast-global-color-5)","background-image":"","background-repeat":"repeat","background-position":"center center","background-size":"auto","background-attachment":"scroll","background-type":"","background-media":"","overlay-type":"","overlay-color":"","overlay-gradient":""},"mobile":{"background-color":"var(--ast-global-color-5)","background-image":"","background-repeat":"repeat","background-position":"center center","background-size":"auto","background-attachment":"scroll","background-type":"","background-media":"","overlay-type":"","overlay-color":"","overlay-gradient":""}},"jetpack_post_was_ever_published":false,"footnotes":""},"class_list":["post-1971","page","type-page","status-publish","hentry"],"aioseo_notices":[],"jetpack_sharing_enabled":true,"_links":{"self":[{"href":"https:\/\/medicalglow.be\/tr\/wp-json\/wp\/v2\/pages\/1971","targetHints":{"allow":["GET"]}}],"collection":[{"href":"https:\/\/medicalglow.be\/tr\/wp-json\/wp\/v2\/pages"}],"about":[{"href":"https:\/\/medicalglow.be\/tr\/wp-json\/wp\/v2\/types\/page"}],"author":[{"embeddable":true,"href":"https:\/\/medicalglow.be\/tr\/wp-json\/wp\/v2\/users\/1"}],"replies":[{"embeddable":true,"href":"https:\/\/medicalglow.be\/tr\/wp-json\/wp\/v2\/comments?post=1971"}],"version-history":[{"count":48,"href":"https:\/\/medicalglow.be\/tr\/wp-json\/wp\/v2\/pages\/1971\/revisions"}],"predecessor-version":[{"id":2574,"href":"https:\/\/medicalglow.be\/tr\/wp-json\/wp\/v2\/pages\/1971\/revisions\/2574"}],"wp:attachment":[{"href":"https:\/\/medicalglow.be\/tr\/wp-json\/wp\/v2\/media?parent=1971"}],"curies":[{"name":"wp","href":"https:\/\/api.w.org\/{rel}","templated":true}]}}