{"id":2456,"date":"2023-09-10T14:01:39","date_gmt":"2023-09-10T14:01:39","guid":{"rendered":"https:\/\/medicalglow.be\/?post_type=product&#038;p=2456"},"modified":"2024-02-12T11:36:48","modified_gmt":"2024-02-12T11:36:48","slug":"muldream-all-green-mild-all-in-one-moisturizer","status":"publish","type":"product","link":"https:\/\/medicalglow.be\/tr\/urun\/muldream-all-green-mild-all-in-one-moisturizer\/","title":{"rendered":"Muldream All green mild all-in-one moisturizer"},"content":{"rendered":"<p>De Muldream All-in-One Day Cream bevat een aantal actieve ingredi\u00ebnten die de huid hydrateren, beschermen en verzorgen.<\/p>\n<p>Deze ingredi\u00ebnten zijn onder andere:<\/p>\n<ul>\n<li>Glycerine: Glycerine is een humectant die water aan de huid bindt. Hierdoor blijft de huid gehydrateerd en zacht.<\/li>\n<li>Sheabutter: Sheabutter is een vet dat de huid beschermt tegen schadelijke invloeden van buitenaf, zoals de wind, zon en kou.<\/li>\n<li>Vitamine E: Vitamine E is een antioxidant die de huid beschermt tegen vrije radicalen. Vrije radicalen zijn schadelijke moleculen die kunnen leiden tot vroegtijdige huidveroudering.<\/li>\n<li>Hyaluronzuur: Hyaluronzuur is een stof die zich van nature in de huid bevindt. Het bindt water aan de huid en zorgt voor een gezonde uitstraling.<\/li>\n<\/ul>\n<p>De Muldream All-in-One Day Cream is een lichtgewicht cr\u00e8me die gemakkelijk te smeren is. De cr\u00e8me trekt snel in en laat geen vettig laagje achter.<\/p>\n<p>Ingredi\u00ebnten:<\/p>\n<p>Portulaca Oleracea-extract, Betula Alba-schorsextract, Oryza Sativa (rijst)zemelenextract, butyleenglycol, 1,2-hexaandiol, glycerine, capryl\/caprinezuurtriglyceride, triethylhexano\u00efne, glycereth-26, gehydrogeneerd polydeceen, hydroxyethylacrylaat\/natriumacryloyldimethylta-uraatcopolymeer , Natriumhyaluronaat, Beta\u00efne, Allanto\u00efne, Citrus Aurantium Bergamia (Bergamot) Fruitolie, Panthenol, Madecassoside, Asiaticoside, Ceramide NP, Magnesium Ascorbyl Fosfaat, Beta-Glucan, Chamomilla Recutita (Matricaria) Bloemextract, Zanthoxylum piperitum Fruit Extract, Pulsatilla Koreana Extract , Usnea Barbata (korstmos)-extract, adenosine, C14-22-alcoholen, C12-20-alkylglucoside, dinatrium-EDTA, water, glucose<\/p>","protected":false},"excerpt":{"rendered":"<p>Een all-in-one Muldream dagcr\u00e8me is een product dat meerdere functies combineert in \u00e9\u00e9n product.<\/p>\n<ul>\n<li>Hydrateert de huid<\/li>\n<li>Beschermt tegen de zon<\/li>\n<li>Lichtgewicht en gemakkelijk aan te brengen<\/li>\n<li>Natuurlijke ingredi\u00ebnten<\/li>\n<li>Geeft de huid een gezonde uitstraling<\/li>\n<\/ul>\n<p>De cr\u00e8me is geschikt voor alle huidtypes, maar is vooral geschikt voor de normale tot droge huid. \ud83c\udf1f<\/p>","protected":false},"featured_media":2459,"comment_status":"open","ping_status":"closed","template":"","meta":{"site-sidebar-layout":"default","site-content-layout":"default","ast-site-content-layout":"default","site-content-style":"default","site-sidebar-style":"default","ast-global-header-display":"","ast-banner-title-visibility":"","ast-main-header-display":"","ast-hfb-above-header-display":"","ast-hfb-below-header-display":"","ast-hfb-mobile-header-display":"","site-post-title":"","ast-breadcrumbs-content":"","ast-featured-img":"","footer-sml-layout":"","theme-transparent-header-meta":"default","adv-header-id-meta":"","stick-header-meta":"","header-above-stick-meta":"","header-main-stick-meta":"","header-below-stick-meta":"","astra-migrate-meta-layouts":"set","ast-page-background-enabled":"default","ast-page-background-meta":{"desktop":{"background-color":"var(--ast-global-color-4)","background-image":"","background-repeat":"repeat","background-position":"center center","background-size":"auto","background-attachment":"scroll","background-type":"","background-media":"","overlay-type":"","overlay-color":"","overlay-gradient":""},"tablet":{"background-color":"","background-image":"","background-repeat":"repeat","background-position":"center center","background-size":"auto","background-attachment":"scroll","background-type":"","background-media":"","overlay-type":"","overlay-color":"","overlay-gradient":""},"mobile":{"background-color":"","background-image":"","background-repeat":"repeat","background-position":"center center","background-size":"auto","background-attachment":"scroll","background-type":"","background-media":"","overlay-type":"","overlay-color":"","overlay-gradient":""}},"ast-content-background-meta":{"desktop":{"background-color":"var(--ast-global-color-5)","background-image":"","background-repeat":"repeat","background-position":"center center","background-size":"auto","background-attachment":"scroll","background-type":"","background-media":"","overlay-type":"","overlay-color":"","overlay-gradient":""},"tablet":{"background-color":"var(--ast-global-color-5)","background-image":"","background-repeat":"repeat","background-position":"center center","background-size":"auto","background-attachment":"scroll","background-type":"","background-media":"","overlay-type":"","overlay-color":"","overlay-gradient":""},"mobile":{"background-color":"var(--ast-global-color-5)","background-image":"","background-repeat":"repeat","background-position":"center center","background-size":"auto","background-attachment":"scroll","background-type":"","background-media":"","overlay-type":"","overlay-color":"","overlay-gradient":""}},"jetpack_post_was_ever_published":false},"product_brand":[],"product_cat":[23],"product_tag":[],"class_list":{"0":"post-2456","1":"product","2":"type-product","3":"status-publish","4":"has-post-thumbnail","6":"product_cat-skin-care","7":"desktop-align-left","8":"tablet-align-left","9":"mobile-align-left","11":"first","12":"instock","13":"shipping-taxable","14":"purchasable","15":"product-type-simple"},"aioseo_notices":[],"jetpack_sharing_enabled":true,"_links":{"self":[{"href":"https:\/\/medicalglow.be\/tr\/wp-json\/wp\/v2\/product\/2456","targetHints":{"allow":["GET"]}}],"collection":[{"href":"https:\/\/medicalglow.be\/tr\/wp-json\/wp\/v2\/product"}],"about":[{"href":"https:\/\/medicalglow.be\/tr\/wp-json\/wp\/v2\/types\/product"}],"replies":[{"embeddable":true,"href":"https:\/\/medicalglow.be\/tr\/wp-json\/wp\/v2\/comments?post=2456"}],"wp:featuredmedia":[{"embeddable":true,"href":"https:\/\/medicalglow.be\/tr\/wp-json\/wp\/v2\/media\/2459"}],"wp:attachment":[{"href":"https:\/\/medicalglow.be\/tr\/wp-json\/wp\/v2\/media?parent=2456"}],"wp:term":[{"taxonomy":"product_brand","embeddable":true,"href":"https:\/\/medicalglow.be\/tr\/wp-json\/wp\/v2\/product_brand?post=2456"},{"taxonomy":"product_cat","embeddable":true,"href":"https:\/\/medicalglow.be\/tr\/wp-json\/wp\/v2\/product_cat?post=2456"},{"taxonomy":"product_tag","embeddable":true,"href":"https:\/\/medicalglow.be\/tr\/wp-json\/wp\/v2\/product_tag?post=2456"}],"curies":[{"name":"wp","href":"https:\/\/api.w.org\/{rel}","templated":true}]}}