{"id":2533,"date":"2023-09-20T21:48:06","date_gmt":"2023-09-20T21:48:06","guid":{"rendered":"https:\/\/medicalglow.be\/?post_type=product&#038;p=2533"},"modified":"2024-04-06T08:41:09","modified_gmt":"2024-04-06T08:41:09","slug":"besleyici-mi","status":"publish","type":"product","link":"https:\/\/medicalglow.be\/tr\/urun\/besleyici-mi\/","title":{"rendered":"Beslenme Rehberi"},"content":{"rendered":"<p>Kitab\u0131mda sadece v\u00fccudunuzun ihtiya\u00e7 duydu\u011fu t\u00fcm besinleri de\u011fil, ayn\u0131 zamanda \u00fcr\u00fcn ambalajlar\u0131n\u0131 bir profesyonel gibi nas\u0131l analiz edece\u011finizi de \u00f6\u011freneceksiniz. Karma\u015f\u0131k, bilimsel bir dil kullanmadan, g\u00fcnl\u00fck hayat\u0131n\u0131zda hemen uygulayabilece\u011finiz net ve pratik bilgilere sahip olacaks\u0131n\u0131z. \ud83d\udca1<\/p>\n<p>Ve en iyisi? Bir daha asla diyet k\u0131s\u0131tlamalar\u0131ndan korkman\u0131za gerek kalmayacak. Evet, do\u011fru okudunuz! Hala en sevdi\u011finiz \u00e7ikolatan\u0131n tad\u0131n\u0131 \u00e7\u0131karabilirsiniz. Tek fark, art\u0131k onu daha bilin\u00e7li ve daha i\u00e7sel bir \u015fekilde yiyeceksiniz. \ud83c\udf6b\ud83e\udde0<\/p>\n<p>\u00d6yleyse ne bekliyorsunuz? Diyetinizin kontrol\u00fcn\u00fc elinize al\u0131n, kendinizi g\u00fcvensizlikten kurtar\u0131n ve daha sa\u011fl\u0131kl\u0131, daha mutlu bir versiyonunuza do\u011fru yol al\u0131n. Kitab\u0131m\u0131 bug\u00fcn sipari\u015f edin ve beslenmenin s\u0131rlar\u0131n\u0131 ke\u015ffedin! \ud83d\udce6\ud83c\udf89<\/p>","protected":false},"excerpt":{"rendered":"<p>\ud83d\udcda Beslenme bilgisinde devrime ho\u015f geldiniz! \ud83c\udf31<\/p>\n<p>Ger\u00e7ekte ne yedi\u011finiz konusunda s\u00fcrekli karanl\u0131kta kalmaktan b\u0131kt\u0131n\u0131z m\u0131? Art\u0131k a\u00e7l\u0131k \u00e7ekmenize ya da kendinizi \u00e7ok sevdi\u011finiz \u00e7ikolatadan mahrum b\u0131rakman\u0131za gerek kalmayan bir d\u00fcnyan\u0131n \u00f6zlemini mi \u00e7ekiyorsunuz?<\/p>\n<p>Deneyimli bir diyetisyen olarak, hayat\u0131m boyunca beslenmeye olan tutkumu, beslenme hakk\u0131nda bilmeniz gereken her \u015feyi tek bir kitaba d\u00f6n\u00fc\u015ft\u00fcrd\u00fcm. \ud83c\udf4e\ud83e\udd66\ud83d\udcdd<\/p>\n<p>&nbsp;<\/p>","protected":false},"featured_media":3156,"comment_status":"open","ping_status":"closed","template":"","meta":{"site-sidebar-layout":"default","site-content-layout":"","ast-site-content-layout":"default","site-content-style":"default","site-sidebar-style":"default","ast-global-header-display":"","ast-banner-title-visibility":"","ast-main-header-display":"","ast-hfb-above-header-display":"","ast-hfb-below-header-display":"","ast-hfb-mobile-header-display":"","site-post-title":"","ast-breadcrumbs-content":"","ast-featured-img":"","footer-sml-layout":"","theme-transparent-header-meta":"default","adv-header-id-meta":"","stick-header-meta":"","header-above-stick-meta":"","header-main-stick-meta":"","header-below-stick-meta":"","astra-migrate-meta-layouts":"set","ast-page-background-enabled":"default","ast-page-background-meta":{"desktop":{"background-color":"var(--ast-global-color-4)","background-image":"","background-repeat":"repeat","background-position":"center center","background-size":"auto","background-attachment":"scroll","background-type":"","background-media":"","overlay-type":"","overlay-color":"","overlay-gradient":""},"tablet":{"background-color":"","background-image":"","background-repeat":"repeat","background-position":"center center","background-size":"auto","background-attachment":"scroll","background-type":"","background-media":"","overlay-type":"","overlay-color":"","overlay-gradient":""},"mobile":{"background-color":"","background-image":"","background-repeat":"repeat","background-position":"center center","background-size":"auto","background-attachment":"scroll","background-type":"","background-media":"","overlay-type":"","overlay-color":"","overlay-gradient":""}},"ast-content-background-meta":{"desktop":{"background-color":"var(--ast-global-color-5)","background-image":"","background-repeat":"repeat","background-position":"center center","background-size":"auto","background-attachment":"scroll","background-type":"","background-media":"","overlay-type":"","overlay-color":"","overlay-gradient":""},"tablet":{"background-color":"var(--ast-global-color-5)","background-image":"","background-repeat":"repeat","background-position":"center center","background-size":"auto","background-attachment":"scroll","background-type":"","background-media":"","overlay-type":"","overlay-color":"","overlay-gradient":""},"mobile":{"background-color":"var(--ast-global-color-5)","background-image":"","background-repeat":"repeat","background-position":"center center","background-size":"auto","background-attachment":"scroll","background-type":"","background-media":"","overlay-type":"","overlay-color":"","overlay-gradient":""}},"jetpack_post_was_ever_published":false},"product_brand":[],"product_cat":[27],"product_tag":[],"class_list":{"0":"post-2533","1":"product","2":"type-product","3":"status-publish","4":"has-post-thumbnail","6":"product_cat-dietist","7":"desktop-align-left","8":"tablet-align-left","9":"mobile-align-left","11":"first","12":"instock","13":"sale","14":"downloadable","15":"virtual","16":"purchasable","17":"product-type-simple"},"aioseo_notices":[],"jetpack_sharing_enabled":true,"_links":{"self":[{"href":"https:\/\/medicalglow.be\/tr\/wp-json\/wp\/v2\/product\/2533","targetHints":{"allow":["GET"]}}],"collection":[{"href":"https:\/\/medicalglow.be\/tr\/wp-json\/wp\/v2\/product"}],"about":[{"href":"https:\/\/medicalglow.be\/tr\/wp-json\/wp\/v2\/types\/product"}],"replies":[{"embeddable":true,"href":"https:\/\/medicalglow.be\/tr\/wp-json\/wp\/v2\/comments?post=2533"}],"wp:featuredmedia":[{"embeddable":true,"href":"https:\/\/medicalglow.be\/tr\/wp-json\/wp\/v2\/media\/3156"}],"wp:attachment":[{"href":"https:\/\/medicalglow.be\/tr\/wp-json\/wp\/v2\/media?parent=2533"}],"wp:term":[{"taxonomy":"product_brand","embeddable":true,"href":"https:\/\/medicalglow.be\/tr\/wp-json\/wp\/v2\/product_brand?post=2533"},{"taxonomy":"product_cat","embeddable":true,"href":"https:\/\/medicalglow.be\/tr\/wp-json\/wp\/v2\/product_cat?post=2533"},{"taxonomy":"product_tag","embeddable":true,"href":"https:\/\/medicalglow.be\/tr\/wp-json\/wp\/v2\/product_tag?post=2533"}],"curies":[{"name":"wp","href":"https:\/\/api.w.org\/{rel}","templated":true}]}}