{"id":2569,"date":"2023-09-20T22:31:03","date_gmt":"2023-09-20T22:31:03","guid":{"rendered":"https:\/\/medicalglow.be\/?post_type=product&#038;p=2569"},"modified":"2024-03-10T09:41:10","modified_gmt":"2024-03-10T09:41:10","slug":"1-op-1-intuitief-etentraject","status":"publish","type":"product","link":"https:\/\/medicalglow.be\/tr\/urun\/1-op-1-intuitief-etentraject\/","title":{"rendered":"1-op-1 intu\u00eftief etentraject\u200b"},"content":{"rendered":"<p><span class=\"elementor-icon-list-text\">Persoonlijk: Je hebt persoonlijke begeleiding van een intu\u00eftief etencoach<\/span><\/p>\n<p><i class=\"fas fa-minus\" aria-hidden=\"true\"><\/i><span class=\"elementor-icon-list-text\">Esnek: Program\u0131 kendi h\u0131z\u0131n\u0131za ve ihtiya\u00e7lar\u0131n\u0131za g\u00f6re uyarlayabilirsiniz<\/span><\/p>\n<p><i class=\"fas fa-minus\" aria-hidden=\"true\"><\/i><span class=\"elementor-icon-list-text\">Derinlemesine: Sezgisel yeme ile ilgili derinlemesine sorular\u0131n\u0131z\u0131 sorma ve yemekle olan ili\u015fkinizi ke\u015ffetme f\u0131rsat\u0131n\u0131z olacak<\/span><\/p>","protected":false},"excerpt":{"rendered":"<p>Contacteer ons voor meer informatie<\/p>\n<p><span class=\"elementor-icon-list-text\">Persoonlijk: Je hebt persoonlijke begeleiding van een intu\u00eftief etencoach<\/span><\/p>\n<p><i class=\"fas fa-minus\" aria-hidden=\"true\"><\/i><span class=\"elementor-icon-list-text\">Esnek: Program\u0131 kendi h\u0131z\u0131n\u0131za ve ihtiya\u00e7lar\u0131n\u0131za g\u00f6re uyarlayabilirsiniz<\/span><\/p>\n<p><i class=\"fas fa-minus\" aria-hidden=\"true\"><\/i><span class=\"elementor-icon-list-text\">Derinlemesine: Sezgisel yeme ile ilgili derinlemesine sorular\u0131n\u0131z\u0131 sorma ve yemekle olan ili\u015fkinizi ke\u015ffetme f\u0131rsat\u0131n\u0131z olacak<\/span><\/p>","protected":false},"featured_media":2570,"comment_status":"open","ping_status":"closed","template":"","meta":{"site-sidebar-layout":"default","site-content-layout":"","ast-site-content-layout":"default","site-content-style":"default","site-sidebar-style":"default","ast-global-header-display":"","ast-banner-title-visibility":"","ast-main-header-display":"","ast-hfb-above-header-display":"","ast-hfb-below-header-display":"","ast-hfb-mobile-header-display":"","site-post-title":"","ast-breadcrumbs-content":"","ast-featured-img":"","footer-sml-layout":"","theme-transparent-header-meta":"default","adv-header-id-meta":"","stick-header-meta":"","header-above-stick-meta":"","header-main-stick-meta":"","header-below-stick-meta":"","astra-migrate-meta-layouts":"set","ast-page-background-enabled":"default","ast-page-background-meta":{"desktop":{"background-color":"var(--ast-global-color-4)","background-image":"","background-repeat":"repeat","background-position":"center center","background-size":"auto","background-attachment":"scroll","background-type":"","background-media":"","overlay-type":"","overlay-color":"","overlay-gradient":""},"tablet":{"background-color":"","background-image":"","background-repeat":"repeat","background-position":"center center","background-size":"auto","background-attachment":"scroll","background-type":"","background-media":"","overlay-type":"","overlay-color":"","overlay-gradient":""},"mobile":{"background-color":"","background-image":"","background-repeat":"repeat","background-position":"center center","background-size":"auto","background-attachment":"scroll","background-type":"","background-media":"","overlay-type":"","overlay-color":"","overlay-gradient":""}},"ast-content-background-meta":{"desktop":{"background-color":"var(--ast-global-color-5)","background-image":"","background-repeat":"repeat","background-position":"center center","background-size":"auto","background-attachment":"scroll","background-type":"","background-media":"","overlay-type":"","overlay-color":"","overlay-gradient":""},"tablet":{"background-color":"var(--ast-global-color-5)","background-image":"","background-repeat":"repeat","background-position":"center center","background-size":"auto","background-attachment":"scroll","background-type":"","background-media":"","overlay-type":"","overlay-color":"","overlay-gradient":""},"mobile":{"background-color":"var(--ast-global-color-5)","background-image":"","background-repeat":"repeat","background-position":"center center","background-size":"auto","background-attachment":"scroll","background-type":"","background-media":"","overlay-type":"","overlay-color":"","overlay-gradient":""}},"jetpack_post_was_ever_published":false},"product_brand":[],"product_cat":[27],"product_tag":[],"class_list":{"0":"post-2569","1":"product","2":"type-product","3":"status-publish","4":"has-post-thumbnail","6":"product_cat-dietist","7":"desktop-align-left","8":"tablet-align-left","9":"mobile-align-left","11":"first","12":"instock","13":"virtual","14":"product-type-simple"},"aioseo_notices":[],"jetpack_sharing_enabled":true,"_links":{"self":[{"href":"https:\/\/medicalglow.be\/tr\/wp-json\/wp\/v2\/product\/2569","targetHints":{"allow":["GET"]}}],"collection":[{"href":"https:\/\/medicalglow.be\/tr\/wp-json\/wp\/v2\/product"}],"about":[{"href":"https:\/\/medicalglow.be\/tr\/wp-json\/wp\/v2\/types\/product"}],"replies":[{"embeddable":true,"href":"https:\/\/medicalglow.be\/tr\/wp-json\/wp\/v2\/comments?post=2569"}],"wp:featuredmedia":[{"embeddable":true,"href":"https:\/\/medicalglow.be\/tr\/wp-json\/wp\/v2\/media\/2570"}],"wp:attachment":[{"href":"https:\/\/medicalglow.be\/tr\/wp-json\/wp\/v2\/media?parent=2569"}],"wp:term":[{"taxonomy":"product_brand","embeddable":true,"href":"https:\/\/medicalglow.be\/tr\/wp-json\/wp\/v2\/product_brand?post=2569"},{"taxonomy":"product_cat","embeddable":true,"href":"https:\/\/medicalglow.be\/tr\/wp-json\/wp\/v2\/product_cat?post=2569"},{"taxonomy":"product_tag","embeddable":true,"href":"https:\/\/medicalglow.be\/tr\/wp-json\/wp\/v2\/product_tag?post=2569"}],"curies":[{"name":"wp","href":"https:\/\/api.w.org\/{rel}","templated":true}]}}