{"id":2571,"date":"2023-09-20T22:33:11","date_gmt":"2023-09-20T22:33:11","guid":{"rendered":"https:\/\/medicalglow.be\/?post_type=product&#038;p=2571"},"modified":"2023-09-22T15:02:30","modified_gmt":"2023-09-22T15:02:30","slug":"groepstraject-intuitief-eten","status":"publish","type":"product","link":"https:\/\/medicalglow.be\/tr\/urun\/groepstraject-intuitief-eten\/","title":{"rendered":"Di\u00ebtiste: Groepstraject intu\u00eftief eten"},"content":{"rendered":"<p><span class=\"elementor-icon-list-text\">Sosyal destek: Ayn\u0131 s\u00fcre\u00e7ten ge\u00e7en di\u011fer ki\u015filerden bir \u015feyler \u00f6\u011frenebilirsiniz<\/span><\/p>\n<p><i class=\"fas fa-minus\" aria-hidden=\"true\"><\/i><span class=\"elementor-icon-list-text\">Sabit zaman: Grup program\u0131na ba\u011fl\u0131 kalmak zorundas\u0131n\u0131z<\/span><\/p>\n<p><i class=\"fas fa-minus\" aria-hidden=\"true\"><\/i><span class=\"elementor-icon-list-text\">Genel: Ko\u00e7tan daha az ki\u015fisel ilgi g\u00f6r\u00fcrs\u00fcn\u00fcz, ancak kar\u015f\u0131l\u0131\u011f\u0131nda fazladan 1 bonus seans al\u0131rs\u0131n\u0131z<\/span><\/p>","protected":false},"excerpt":{"rendered":"<p><span class=\"elementor-icon-list-text\">Sosyal destek: Ayn\u0131 s\u00fcre\u00e7ten ge\u00e7en di\u011fer ki\u015filerden bir \u015feyler \u00f6\u011frenebilirsiniz<\/span><\/p>\n<p><i class=\"fas fa-minus\" aria-hidden=\"true\"><\/i><span class=\"elementor-icon-list-text\">Sabit zaman: Grup program\u0131na ba\u011fl\u0131 kalmak zorundas\u0131n\u0131z<\/span><\/p>\n<p><i class=\"fas fa-minus\" aria-hidden=\"true\"><\/i><span class=\"elementor-icon-list-text\">Genel: Ko\u00e7tan daha az ki\u015fisel ilgi g\u00f6r\u00fcrs\u00fcn\u00fcz, ancak kar\u015f\u0131l\u0131\u011f\u0131nda fazladan 1 bonus seans al\u0131rs\u0131n\u0131z<\/span><\/p>","protected":false},"featured_media":2570,"comment_status":"open","ping_status":"closed","template":"","meta":{"site-sidebar-layout":"default","site-content-layout":"","ast-site-content-layout":"default","site-content-style":"default","site-sidebar-style":"default","ast-global-header-display":"","ast-banner-title-visibility":"","ast-main-header-display":"","ast-hfb-above-header-display":"","ast-hfb-below-header-display":"","ast-hfb-mobile-header-display":"","site-post-title":"","ast-breadcrumbs-content":"","ast-featured-img":"","footer-sml-layout":"","theme-transparent-header-meta":"default","adv-header-id-meta":"","stick-header-meta":"","header-above-stick-meta":"","header-main-stick-meta":"","header-below-stick-meta":"","astra-migrate-meta-layouts":"set","ast-page-background-enabled":"default","ast-page-background-meta":{"desktop":{"background-color":"var(--ast-global-color-4)","background-image":"","background-repeat":"repeat","background-position":"center center","background-size":"auto","background-attachment":"scroll","background-type":"","background-media":"","overlay-type":"","overlay-color":"","overlay-gradient":""},"tablet":{"background-color":"","background-image":"","background-repeat":"repeat","background-position":"center center","background-size":"auto","background-attachment":"scroll","background-type":"","background-media":"","overlay-type":"","overlay-color":"","overlay-gradient":""},"mobile":{"background-color":"","background-image":"","background-repeat":"repeat","background-position":"center center","background-size":"auto","background-attachment":"scroll","background-type":"","background-media":"","overlay-type":"","overlay-color":"","overlay-gradient":""}},"ast-content-background-meta":{"desktop":{"background-color":"var(--ast-global-color-5)","background-image":"","background-repeat":"repeat","background-position":"center center","background-size":"auto","background-attachment":"scroll","background-type":"","background-media":"","overlay-type":"","overlay-color":"","overlay-gradient":""},"tablet":{"background-color":"var(--ast-global-color-5)","background-image":"","background-repeat":"repeat","background-position":"center center","background-size":"auto","background-attachment":"scroll","background-type":"","background-media":"","overlay-type":"","overlay-color":"","overlay-gradient":""},"mobile":{"background-color":"var(--ast-global-color-5)","background-image":"","background-repeat":"repeat","background-position":"center center","background-size":"auto","background-attachment":"scroll","background-type":"","background-media":"","overlay-type":"","overlay-color":"","overlay-gradient":""}},"jetpack_post_was_ever_published":false},"product_brand":[],"product_cat":[27],"product_tag":[],"class_list":{"0":"post-2571","1":"product","2":"type-product","3":"status-publish","4":"has-post-thumbnail","6":"product_cat-dietist","7":"desktop-align-left","8":"tablet-align-left","9":"mobile-align-left","11":"first","12":"instock","13":"sale","14":"virtual","15":"purchasable","16":"product-type-simple"},"aioseo_notices":[],"jetpack_sharing_enabled":true,"_links":{"self":[{"href":"https:\/\/medicalglow.be\/tr\/wp-json\/wp\/v2\/product\/2571","targetHints":{"allow":["GET"]}}],"collection":[{"href":"https:\/\/medicalglow.be\/tr\/wp-json\/wp\/v2\/product"}],"about":[{"href":"https:\/\/medicalglow.be\/tr\/wp-json\/wp\/v2\/types\/product"}],"replies":[{"embeddable":true,"href":"https:\/\/medicalglow.be\/tr\/wp-json\/wp\/v2\/comments?post=2571"}],"wp:featuredmedia":[{"embeddable":true,"href":"https:\/\/medicalglow.be\/tr\/wp-json\/wp\/v2\/media\/2570"}],"wp:attachment":[{"href":"https:\/\/medicalglow.be\/tr\/wp-json\/wp\/v2\/media?parent=2571"}],"wp:term":[{"taxonomy":"product_brand","embeddable":true,"href":"https:\/\/medicalglow.be\/tr\/wp-json\/wp\/v2\/product_brand?post=2571"},{"taxonomy":"product_cat","embeddable":true,"href":"https:\/\/medicalglow.be\/tr\/wp-json\/wp\/v2\/product_cat?post=2571"},{"taxonomy":"product_tag","embeddable":true,"href":"https:\/\/medicalglow.be\/tr\/wp-json\/wp\/v2\/product_tag?post=2571"}],"curies":[{"name":"wp","href":"https:\/\/api.w.org\/{rel}","templated":true}]}}