{"id":3186,"date":"2024-05-01T07:36:35","date_gmt":"2024-05-01T07:36:35","guid":{"rendered":"https:\/\/medicalglow.be\/?post_type=product&#038;p=3186"},"modified":"2024-05-01T10:21:57","modified_gmt":"2024-05-01T10:21:57","slug":"fit-gurmeler","status":"publish","type":"product","link":"https:\/\/medicalglow.be\/tr\/urun\/fit-gurmeler\/","title":{"rendered":"Fit Gurmeler"},"content":{"rendered":"<p>Bu platform ger\u00e7ekten b\u00fcy\u00fcl\u00fc. Diyetler yeterli de\u011fil. \u00c7\u00fcnk\u00fc hi\u00e7bir diyet her ya\u015fam tarz\u0131na uymaz! Kilo, ya\u015fam tarz\u0131n\u0131z\u0131n bir sonucudur. Biz her zaman ya\u015fam tarz\u0131m\u0131za odaklanmal\u0131y\u0131z, \u00e7\u00fcnk\u00fc diyet yapmak kal\u0131c\u0131 de\u011fildir. Bu platform sayesinde ad\u0131m ad\u0131m her \u015feyi \u00f6\u011frenecek ve sa\u011fl\u0131kl\u0131 bir ya\u015fam tarz\u0131n\u0131 hayat\u0131n\u0131za birle\u015ftireceksiniz.<\/p>\n<p>Platformumuzda neler \u00f6\u011freneceksiniz?<br \/>\n&#8211; Besinler hakk\u0131nda her \u015fey: protein, ya\u011f, karbonhidrat, mineraller ve vitaminler<br \/>\n&#8211; \u00dcr\u00fcnleri nas\u0131l analiz edece\u011finizi \u00f6\u011frenin<br \/>\n&#8211; Dengeli ve sa\u011fl\u0131kl\u0131 \u00f6\u011f\u00fcnler olu\u015fturun<br \/>\n&#8211; V\u00fccudunuzun ne kadar ihtiyac\u0131 oldu\u011funu anlay\u0131n<\/p>\n<p>Sa\u011fl\u0131kl\u0131 bir ya\u015fam tarz\u0131na ad\u0131m atman\u0131n de\u011ferini ke\u015ffedeceksiniz. Hemen bug\u00fcn ba\u015flay\u0131n!&#8221;<\/p>","protected":false},"excerpt":{"rendered":"<p>\ud83c\udf4f Fit Gurmeler: Sa\u011fl\u0131kl\u0131 Beslenme Platformu \ud83c\udf4f<\/p>\n<p>Beslenme hakk\u0131nda her \u015feyi \u00f6\u011frenmek art\u0131k \u00e7ok daha kolay ve eri\u015filebilir! T\u00fcrk\u00e7e&#8217;nin ilk ve en kapsaml\u0131 online platformu &#8220;Fit Gurmeler&#8221; ile sa\u011fl\u0131kl\u0131 ya\u015fam\u0131n kap\u0131lar\u0131n\u0131 aralay\u0131n. Diyetisyen G\u00f6zde&#8217;nin uzmanl\u0131\u011f\u0131yla olu\u015fturulan bu platform sayesinde beslenme d\u00fczeninizde kal\u0131c\u0131 ve sa\u011fl\u0131kl\u0131 de\u011fi\u015fiklikler yapabilirsiniz.<\/p>\n<p>Her ay diyetisyene gitmek maliyetli olabilir ve herkesin bu imkana eri\u015fimi yoktur. Ancak &#8220;Fit Gurmeler&#8221; ile bu sorun tarih oluyor! Bir kez \u00f6deme yaparak platforma \u00f6m\u00fcr boyu eri\u015fim sa\u011flayabilir ve sa\u011fl\u0131kl\u0131 ya\u015fam\u0131n tad\u0131n\u0131 \u00e7\u0131karabilirsiniz.<\/p>\n<p>\ud83d\udd12 \u00dcr\u00fcn Detaylar\u0131:<br \/>\n&#8211; \u00d6m\u00fcr boyu eri\u015fim<br \/>\n&#8211; Uzman diyetisyen deste\u011fi<br \/>\n&#8211; Kolay \u00f6\u011frenme ve uygulama<br \/>\n&#8211; Sa\u011fl\u0131kl\u0131 ya\u015fam\u0131n kap\u0131lar\u0131n\u0131 aralay\u0131n!<\/p>\n<p>Siz de sa\u011fl\u0131kl\u0131 ya\u015fam\u0131 se\u00e7in, &#8220;Fit Gurmeler&#8221; ile hayalinizdeki beslenme d\u00fczenine ula\u015f\u0131n!<\/p>\n<p>Keyifli \u00f6\u011frenmeler dileriz!<\/p>\n<p>&nbsp;<\/p>","protected":false},"featured_media":3167,"comment_status":"open","ping_status":"closed","template":"","meta":{"site-sidebar-layout":"default","site-content-layout":"","ast-site-content-layout":"default","site-content-style":"default","site-sidebar-style":"default","ast-global-header-display":"","ast-banner-title-visibility":"","ast-main-header-display":"","ast-hfb-above-header-display":"","ast-hfb-below-header-display":"","ast-hfb-mobile-header-display":"","site-post-title":"","ast-breadcrumbs-content":"","ast-featured-img":"","footer-sml-layout":"","theme-transparent-header-meta":"default","adv-header-id-meta":"","stick-header-meta":"","header-above-stick-meta":"","header-main-stick-meta":"","header-below-stick-meta":"","astra-migrate-meta-layouts":"set","ast-page-background-enabled":"default","ast-page-background-meta":{"desktop":{"background-color":"var(--ast-global-color-4)","background-image":"","background-repeat":"repeat","background-position":"center center","background-size":"auto","background-attachment":"scroll","background-type":"","background-media":"","overlay-type":"","overlay-color":"","overlay-gradient":""},"tablet":{"background-color":"","background-image":"","background-repeat":"repeat","background-position":"center center","background-size":"auto","background-attachment":"scroll","background-type":"","background-media":"","overlay-type":"","overlay-color":"","overlay-gradient":""},"mobile":{"background-color":"","background-image":"","background-repeat":"repeat","background-position":"center center","background-size":"auto","background-attachment":"scroll","background-type":"","background-media":"","overlay-type":"","overlay-color":"","overlay-gradient":""}},"ast-content-background-meta":{"desktop":{"background-color":"var(--ast-global-color-5)","background-image":"","background-repeat":"repeat","background-position":"center center","background-size":"auto","background-attachment":"scroll","background-type":"","background-media":"","overlay-type":"","overlay-color":"","overlay-gradient":""},"tablet":{"background-color":"var(--ast-global-color-5)","background-image":"","background-repeat":"repeat","background-position":"center center","background-size":"auto","background-attachment":"scroll","background-type":"","background-media":"","overlay-type":"","overlay-color":"","overlay-gradient":""},"mobile":{"background-color":"var(--ast-global-color-5)","background-image":"","background-repeat":"repeat","background-position":"center center","background-size":"auto","background-attachment":"scroll","background-type":"","background-media":"","overlay-type":"","overlay-color":"","overlay-gradient":""}},"jetpack_post_was_ever_published":false},"product_brand":[],"product_cat":[27],"product_tag":[],"class_list":{"0":"post-3186","1":"product","2":"type-product","3":"status-publish","4":"has-post-thumbnail","6":"product_cat-dietist","7":"desktop-align-left","8":"tablet-align-left","9":"mobile-align-left","11":"first","12":"instock","13":"sale","14":"downloadable","15":"virtual","16":"purchasable","17":"product-type-simple"},"aioseo_notices":[],"jetpack_sharing_enabled":true,"_links":{"self":[{"href":"https:\/\/medicalglow.be\/tr\/wp-json\/wp\/v2\/product\/3186","targetHints":{"allow":["GET"]}}],"collection":[{"href":"https:\/\/medicalglow.be\/tr\/wp-json\/wp\/v2\/product"}],"about":[{"href":"https:\/\/medicalglow.be\/tr\/wp-json\/wp\/v2\/types\/product"}],"replies":[{"embeddable":true,"href":"https:\/\/medicalglow.be\/tr\/wp-json\/wp\/v2\/comments?post=3186"}],"wp:featuredmedia":[{"embeddable":true,"href":"https:\/\/medicalglow.be\/tr\/wp-json\/wp\/v2\/media\/3167"}],"wp:attachment":[{"href":"https:\/\/medicalglow.be\/tr\/wp-json\/wp\/v2\/media?parent=3186"}],"wp:term":[{"taxonomy":"product_brand","embeddable":true,"href":"https:\/\/medicalglow.be\/tr\/wp-json\/wp\/v2\/product_brand?post=3186"},{"taxonomy":"product_cat","embeddable":true,"href":"https:\/\/medicalglow.be\/tr\/wp-json\/wp\/v2\/product_cat?post=3186"},{"taxonomy":"product_tag","embeddable":true,"href":"https:\/\/medicalglow.be\/tr\/wp-json\/wp\/v2\/product_tag?post=3186"}],"curies":[{"name":"wp","href":"https:\/\/api.w.org\/{rel}","templated":true}]}}